{"id":30892,"date":"2021-02-24T15:55:19","date_gmt":"2021-02-24T14:55:19","guid":{"rendered":"https:\/\/www.interbusinesschamber.com\/?post_type=product&#038;p=30892"},"modified":"2021-02-24T16:15:17","modified_gmt":"2021-02-24T15:15:17","slug":"kalmagas-transit-b30-comp","status":"publish","type":"product","link":"https:\/\/www.sopha-sahara.com\/en\/product\/kalmagas-transit-b30-comp\/","title":{"rendered":"KALMAGAS TRANSIT B30 COMP"},"content":{"rendered":"<div class=\"prodsch_txt\">\n<div>\n<div>\n<div>\n<div><strong>PHARMALIFE RESEARCH KALMAGAS<\/strong><\/div>\n<\/div>\n<p>Compl\u00e9ment nutritionnel<\/p>\n<p>Kalmagas est un compl\u00e9ment alimentaire \u00e0 base de charbon de bois et d'huiles essentielles de menthe et de fenouil.<\/p>\n<p>RECOMMENDATION: 2 comprim\u00e9s \u00e0 prendre une demi heure avant les principaux repas.<\/p>\n<p>CONTENU NET 24 grammes<\/p>\n<p>STOCKAGE: Garder dans un endroit frais et sec.<\/p><\/div>\n<div>\u00a0<\/p>\n<div>\n<h4 class=\"tabnut_tit\">INFORMATION NUTRITIONNELLE<\/h4>\n<div class=\"tabnut_table\">\n<table class=\"iaftable iaftable_temp\" cellspacing=\"0\" align=\"center\">\n<tbody>\n<tr>\n<td class=\"tabnut_medsep-top\">\n<div>\n<div>\n<div>\n<p><strong>Analyse moyenne<\/strong><\/p>\n<\/div>\n<\/div>\n<\/div>\n<\/td>\n<td class=\"tabnut_medsep-top\"><strong>Par dose quotidienne (4 comprim\u00e9s)<\/strong><\/td>\n<\/tr>\n<tr>\n<td class=\"tabnut_medsep-btm\">Charbon de bois<\/td>\n<td class=\"tabnut_medsep-btm\">0,9g<\/td>\n<\/tr>\n<tr>\n<td>Huile essentielle de fenouil<\/td>\n<td>0,096g<\/td>\n<\/tr>\n<tr>\n<td class=\"tabnut_medsep-top\">Huile essentielle de menthe<\/td>\n<td class=\"tabnut_medsep-top\">0,096g<\/td>\n<\/tr>\n<tr>\n<td class=\"tabnut_medsep-btm\" colspan=\"2\">\n<div>\n<div>\n<div>\n<div>\n<div>\n<div>\n<div>\n<div>\n<div>* Pourcentage des valeurs journali\u00e8res bas\u00e9 sur un r\u00e9gime de 2000 calories<\/div>\n<\/div>\n<\/div>\n<\/div>\n<\/div>\n<\/div>\n<\/div>\n<\/div>\n<\/div>\n<\/td>\n<\/tr>\n<tr>\n<td colspan=\"2\">\n<div>\n<div>\n<div>\n<div>\n<div>\n<div>\n<div>\n<div>\n<div>\u2020 Valeurs journali\u00e8res non \u00e9tablies<\/div>\n<\/div>\n<\/div>\n<\/div>\n<\/div>\n<\/div>\n<\/div>\n<\/div>\n<\/div>\n<\/td>\n<\/tr>\n<tr>\n<td colspan=\"2\"><strong>Ingr\u00e9dients: \u00a0<\/strong>\u00a0Charbon actif naturel de tourbe (Carbosorb), huile essentielle de Menthe, huile essentielle de Fenouil.<\/td>\n<\/tr>\n<\/tbody>\n<\/table>\n<\/div>\n<\/div>\n<p>\u00a0<\/p><\/div>\n<div>\n<div>\u00a0<\/div>\n<\/div>\n<\/div>\n<\/div>\n<div class=\"prodsch_avvert\">La portion journali\u00e8re recommand\u00e9e ne doit pas conduire \u00e0 une ingestion d'estragole sup\u00e9rieure \u00e0 0.05 mg\/kg de poids corporel pour les enfants de moins de 12 ans.<\/p>\n<div>Lisez attentivement l\u2019\u00e9tiquette et les informations concernant le produit ainsi que le mode d\u2019emploi.<br \/>Ne pas d\u00e9passer la dose journali\u00e8re indiqu\u00e9e.<br \/>Tenir hors de port\u00e9e des jeunes enfants.<br \/>Les compl\u00e9ments alimentaires ne soient utilis\u00e9s comme substituts d'un r\u00e9gime alimentaire vari\u00e9.<\/div>\n<div>IAF network vous rappelled l\u2019importance d\u2019une alimentation vari\u00e9e et \u00e9quilibr\u00e9e et \u00e0 un mode de vie sain.<\/div>\n<\/div>","protected":false},"excerpt":{"rendered":"<p>Pharmalife Research Kalmagas 30 comprim\u00e9s. Kalmagas est un compl\u00e9ment alimentaire \u00e0 base de charbon de bois et d&rsquo;huiles essentielles de menthe et de fenouil.<\/p>","protected":false},"featured_media":30893,"template":"","meta":{"arc_restricted_post":false},"product_cat":[49,347],"product_tag":[],"_links":{"self":[{"href":"https:\/\/www.sopha-sahara.com\/en\/wp-json\/wp\/v2\/product\/30892"}],"collection":[{"href":"https:\/\/www.sopha-sahara.com\/en\/wp-json\/wp\/v2\/product"}],"about":[{"href":"https:\/\/www.sopha-sahara.com\/en\/wp-json\/wp\/v2\/types\/product"}],"wp:featuredmedia":[{"embeddable":true,"href":"https:\/\/www.sopha-sahara.com\/en\/wp-json\/wp\/v2\/media\/30893"}],"wp:attachment":[{"href":"https:\/\/www.sopha-sahara.com\/en\/wp-json\/wp\/v2\/media?parent=30892"}],"wp:term":[{"taxonomy":"product_cat","embeddable":true,"href":"https:\/\/www.sopha-sahara.com\/en\/wp-json\/wp\/v2\/product_cat?post=30892"},{"taxonomy":"product_tag","embeddable":true,"href":"https:\/\/www.sopha-sahara.com\/en\/wp-json\/wp\/v2\/product_tag?post=30892"}],"curies":[{"name":"wp","href":"https:\/\/api.w.org\/{rel}","templated":true}]}}