{"id":30694,"date":"2021-02-23T10:40:01","date_gmt":"2021-02-23T09:40:01","guid":{"rendered":"https:\/\/www.interbusinesschamber.com\/?post_type=product&#038;p=30694"},"modified":"2021-02-23T10:41:15","modified_gmt":"2021-02-23T09:41:15","slug":"fitopolis-150ml-adultes","status":"publish","type":"product","link":"https:\/\/www.sopha-sahara.com\/en\/product\/fitopolis-150ml-adultes\/","title":{"rendered":"FITOPOLIS\u00ae 150ML ADULTES"},"content":{"rendered":"<h4 class=\"yikes-custom-woo-tab-title yikes-custom-woo-tab-title-formes-et-presentations\">FORMES ET PR\u00c9SENTATIONS<\/h4>\n<p><strong>\u00a0FITOPOLIS<sup>\u00ae<\/sup><\/strong>\u00a0Adultes Solution buvable<br \/><strong>\u00a0FITOPOLIS<sup>\u00ae<\/sup><\/strong>\u00a0Enfants Solution buvable<br \/><strong>\u00a0FITOPOLIS<sup>\u00ae<\/sup><\/strong>\u00a0comprim\u00e9.<\/p>\n<p>COMPOSITIONS<br \/><strong>\u00a0FITOPOLIS<sup>\u00ae<\/sup><\/strong>\u00a0Adultes Solution buvable \u2013 flacon 150 ml.<br \/>Extrait de Propolis (10% de Flavono\u00efdes), extrait de racine d\u2019\u00e9chinac\u00e9e (Echinacea purpurea) (4% de Polyph\u00e9nols), extrait de feuilles de thym (Thymus vulgaris), Miel d\u2019Eucalyptus, acide ascorbique (vitamine C), eau, fructose, agent de charge (glyc\u00e9rine v\u00e9g\u00e9tale), conservateurs (sorbate de potassium, benzoate de sodium) et ar\u00f4mes.<br \/><strong>\u00a0FITOPOLIS<sup>\u00ae<\/sup><\/strong>\u00a0Enfants Solution buvable \u2013 flacon 150 ml.<br \/>Extrait de Propolis (10 % de Flavono\u00efdes), extrait de racine d\u2019\u00e9chinac\u00e9e (Echinacea purpurea) (4% de Polyph\u00e9nols), extrait de fleurs et de feuilles de Mauve (Malva sylvestris) (0,5 % de Polyph\u00e9nols), Miel d\u2019Eucalyptus, acide ascorbique (vitamine C), eau, fructose, agent de charge (glyc\u00e9rine v\u00e9g\u00e9tale), conservateurs (sorbate de potassium, benzoate de sodium), ar\u00f4me, colorant (caramel), acidifiant (acide citrique).<br \/><strong>\u00a0FITOPOLIS<sup>\u00ae<\/sup><\/strong>\u00a0Comprim\u00e9<br \/>Extrait sec de propolis (8 % bioflavono\u00efdes), extrait sec de racine d\u2019\u00e9chinac\u00e9e (Echinacea sp.) (5:1), extrait de feuilles thym (Thymus vulgaris) (5\/1), extrait sec de cerises des Antilles (Malpighia emarginata) (25 % acide ascorbique \u00abvitamine C\u00bb), ar\u00f4mes, fructose, glycyrrhizinate monoamaniacal, anti-agglom\u00e9rant (st\u00e9arate de magn\u00e9sium).<\/p>\n<p>&nbsp;<\/p>\n<h4 class=\"yikes-custom-woo-tab-title yikes-custom-woo-tab-title-conseils-dutilisation\">CONSEILS D\u2019UTILISATION<\/h4>\n<p><strong>FITOPOLIS<sup>\u00ae<\/sup><\/strong>\u00a0Solution buvable : Le flacon est muni d\u2019un gobelet doseur gradu\u00e9.<br \/><strong>FITOPOLIS<sup>\u00ae<\/sup><\/strong>\u00a0Adultes Solution buvable : 10 ml 2 \u00e0 3 fois par jour.<br \/><strong>FITOPOLIS<sup>\u00ae<\/sup><\/strong>\u00a0Enfants Solution buvable : 5 \u00e0 10 ml 2 \u00e0 3 fois par jour.<br \/><strong>FITOPOLIS<sup>\u00ae<\/sup>\u00a0<\/strong>Comprim\u00e9 :\u00a0Adultes: 1 \u00e0 2 comprim\u00e9s 3 fois par jour,\u00a0\u00a0Enfants \u00e0 partir de 6 ans : 1 comprim\u00e9 3 fois\u00a0 par jour. Les comprim\u00e9s sont \u00e0 avaler ou \u00e0 croquer.<\/p>","protected":false},"excerpt":{"rendered":"<p><strong>FITOPOLIS<sup>\u00ae<\/sup><\/strong>\u00a0Solution buvable est \u00e0 base d\u2019actifs naturels dont la propolis et l\u2019\u00e9chinac\u00e9e qui \u00a0agissent en synergie pour d\u00e9sencombrer et apaiser les voies respiratoires, soulager l\u2019irritation de la gorge et renforcer les d\u00e9fenses naturelles de l\u2019organisme.<br \/><strong>FITOPOLIS<sup>\u00ae<\/sup><\/strong>\u00a0Comprim\u00e9s est \u00e0 base d\u2019actifs naturels dont la propolis et l\u2019\u00e9chinac\u00e9e qui contribuent \u00e0 soulager les maux de gorge (irritation, douleur, rougeur).<\/p>","protected":false},"featured_media":30695,"template":"","meta":{"arc_restricted_post":false},"product_cat":[49,344],"product_tag":[],"_links":{"self":[{"href":"https:\/\/www.sopha-sahara.com\/en\/wp-json\/wp\/v2\/product\/30694"}],"collection":[{"href":"https:\/\/www.sopha-sahara.com\/en\/wp-json\/wp\/v2\/product"}],"about":[{"href":"https:\/\/www.sopha-sahara.com\/en\/wp-json\/wp\/v2\/types\/product"}],"wp:featuredmedia":[{"embeddable":true,"href":"https:\/\/www.sopha-sahara.com\/en\/wp-json\/wp\/v2\/media\/30695"}],"wp:attachment":[{"href":"https:\/\/www.sopha-sahara.com\/en\/wp-json\/wp\/v2\/media?parent=30694"}],"wp:term":[{"taxonomy":"product_cat","embeddable":true,"href":"https:\/\/www.sopha-sahara.com\/en\/wp-json\/wp\/v2\/product_cat?post=30694"},{"taxonomy":"product_tag","embeddable":true,"href":"https:\/\/www.sopha-sahara.com\/en\/wp-json\/wp\/v2\/product_tag?post=30694"}],"curies":[{"name":"wp","href":"https:\/\/api.w.org\/{rel}","templated":true}]}}