{"id":30606,"date":"2021-02-22T15:33:32","date_gmt":"2021-02-22T14:33:32","guid":{"rendered":"https:\/\/www.interbusinesschamber.com\/?post_type=product&#038;p=30606"},"modified":"2021-02-22T15:35:54","modified_gmt":"2021-02-22T14:35:54","slug":"apixol-enfants","status":"publish","type":"product","link":"https:\/\/www.sopha-sahara.com\/en\/product\/apixol-enfants\/","title":{"rendered":"Apixol\u00ae\u00a0Enfants"},"content":{"rendered":"<h4 class=\"yikes-custom-woo-tab-title yikes-custom-woo-tab-title-formes-et-presentations\">FORMES ET PR\u00c9SENTATIONS<\/h4>\n<p><strong>Apixol<sup>\u00ae<\/sup>\u00a0<\/strong>Adultes \u2013 Solution buvable-flacon 200ml.<br \/><strong>Apixol<sup>\u00ae<\/sup><\/strong>\u00a0Enfants \u2013 Solution buvable-flacon 200ml.<\/p>\n<h4 class=\"yikes-custom-woo-tab-title yikes-custom-woo-tab-title-utilisation\">UTILISATION<\/h4>\n<p>\u2013 Voies respiratoires encombr\u00e9es.<br \/>\u2013 Gorge irrit\u00e9e.<br \/>\u2013 Enrouement.<\/p>\n<p>&nbsp;<\/p>\n<h4 class=\"yikes-custom-woo-tab-title yikes-custom-woo-tab-title-conseils-dutilisation\">CONSEILS D\u2019UTILISATION<\/h4>\n<p><strong>Apixol<sup>\u00ae<\/sup><\/strong>\u00a0Adultes\u00a0: 1 cuill\u00e8re \u00e0 soupe 3 \u00e0 4 fois par jour.<br \/><strong>Apixol<sup>\u00ae<\/sup>\u00a0<\/strong>Enfants\u00a0:\u00a0 \u2013 Moins de 4 ans : 1 cuill\u00e8re \u00e0 caf\u00e9 3 \u00e0 4 fois par jour.<br \/>\u2013 De 4 \u00e0 12 ans : 1 cuill\u00e8re \u00e0 soupe 3 \u00e0 4 fois par jour.<\/p>","protected":false},"excerpt":{"rendered":"<p><strong>Apixol<sup>\u00ae<\/sup><\/strong>, \u00e0 base d\u2019extraits de propolis, d\u2019\u00e9chinac\u00e9e ainsi que d\u2019autres actifs naturels, aide \u00e0 d\u00e9gager et apaiser les voies respiratoires et \u00e0 adoucir la gorge, procurant ainsi un confort global (Poumons, gorge, nez\u2026) tout en renfor\u00e7ant les d\u00e9fenses naturelles de l\u2019organisme.<\/p>","protected":false},"featured_media":30608,"template":"","meta":{"arc_restricted_post":false},"product_cat":[49,344],"product_tag":[],"_links":{"self":[{"href":"https:\/\/www.sopha-sahara.com\/en\/wp-json\/wp\/v2\/product\/30606"}],"collection":[{"href":"https:\/\/www.sopha-sahara.com\/en\/wp-json\/wp\/v2\/product"}],"about":[{"href":"https:\/\/www.sopha-sahara.com\/en\/wp-json\/wp\/v2\/types\/product"}],"wp:featuredmedia":[{"embeddable":true,"href":"https:\/\/www.sopha-sahara.com\/en\/wp-json\/wp\/v2\/media\/30608"}],"wp:attachment":[{"href":"https:\/\/www.sopha-sahara.com\/en\/wp-json\/wp\/v2\/media?parent=30606"}],"wp:term":[{"taxonomy":"product_cat","embeddable":true,"href":"https:\/\/www.sopha-sahara.com\/en\/wp-json\/wp\/v2\/product_cat?post=30606"},{"taxonomy":"product_tag","embeddable":true,"href":"https:\/\/www.sopha-sahara.com\/en\/wp-json\/wp\/v2\/product_tag?post=30606"}],"curies":[{"name":"wp","href":"https:\/\/api.w.org\/{rel}","templated":true}]}}