{"id":27975,"date":"2021-01-18T10:00:15","date_gmt":"2021-01-18T09:00:15","guid":{"rendered":"https:\/\/www.interbusinesschamber.com\/produit\/optivision\/"},"modified":"2021-01-18T11:25:48","modified_gmt":"2021-01-18T10:25:48","slug":"optivision","status":"publish","type":"product","link":"https:\/\/www.sopha-sahara.com\/en\/product\/optivision\/","title":{"rendered":"Optivision"},"content":{"rendered":"<p>Optivision est un compl\u00e9ment nutritionnel unique pour le maintien d'une vision saine. Les micronutriments jouent un r\u00f4le important dans le maintien de la fonction et de la sant\u00e9 des yeux. La lut\u00e9ine, un membre de la famille des carot\u00e9no\u00efdes forme un pigment maculaire; filtre la composante de lumi\u00e8re bleue qui endommage la lumi\u00e8re du soleil ainsi que la lumi\u00e8re ultraviolette, ce qui am\u00e9liore la sensibilit\u00e9 au contraste et r\u00e9duit les probl\u00e8mes d'\u00e9blouissement de l'\u00e9cran. En outre, il a des effets antioxydants et anti-inflammatoires qui sont importants pour la pr\u00e9vention et le traitement des maladies oculaires d\u00e9g\u00e9n\u00e9ratives comme la d\u00e9g\u00e9n\u00e9rescence maculaire li\u00e9e \u00e0 l'\u00e2ge<\/p>","protected":false},"excerpt":{"rendered":"<p>Optivision est un compl\u00e9ment nutritionnel unique pour le maintien d&rsquo;une vision saine. Les micronutriments jouent un r\u00f4le important dans le maintien de la fonction et de la sant\u00e9 des yeux. La lut\u00e9ine, un membre de la famille des carot\u00e9no\u00efdes forme&#8230;<\/p>","protected":false},"featured_media":28013,"template":"","meta":{"arc_restricted_post":false},"product_cat":[49,339],"product_tag":[],"_links":{"self":[{"href":"https:\/\/www.sopha-sahara.com\/en\/wp-json\/wp\/v2\/product\/27975"}],"collection":[{"href":"https:\/\/www.sopha-sahara.com\/en\/wp-json\/wp\/v2\/product"}],"about":[{"href":"https:\/\/www.sopha-sahara.com\/en\/wp-json\/wp\/v2\/types\/product"}],"wp:featuredmedia":[{"embeddable":true,"href":"https:\/\/www.sopha-sahara.com\/en\/wp-json\/wp\/v2\/media\/28013"}],"wp:attachment":[{"href":"https:\/\/www.sopha-sahara.com\/en\/wp-json\/wp\/v2\/media?parent=27975"}],"wp:term":[{"taxonomy":"product_cat","embeddable":true,"href":"https:\/\/www.sopha-sahara.com\/en\/wp-json\/wp\/v2\/product_cat?post=27975"},{"taxonomy":"product_tag","embeddable":true,"href":"https:\/\/www.sopha-sahara.com\/en\/wp-json\/wp\/v2\/product_tag?post=27975"}],"curies":[{"name":"wp","href":"https:\/\/api.w.org\/{rel}","templated":true}]}}