{"id":27767,"date":"2021-01-12T11:02:11","date_gmt":"2021-01-12T10:02:11","guid":{"rendered":"https:\/\/www.interbusinesschamber.com\/produit\/hyalu-b5-serum\/"},"modified":"2021-01-13T12:45:22","modified_gmt":"2021-01-13T11:45:22","slug":"hyalu-b5-serum","status":"publish","type":"product","link":"https:\/\/www.sopha-sahara.com\/en\/product\/hyalu-b5-serum\/","title":{"rendered":"HYALU B5 S\u00c9RUM"},"content":{"rendered":"<h4>TEXTURE &amp; APPLICATION<\/h4>\n<div>Gel frais hydratant repulpant. Appliquer matin et soir sur le visage, cou et d\u00e9collet\u00e9. Tous types de peaux. D\u00e9velopp\u00e9 pour les personnes intol\u00e9rantes au nickel.<\/div>","protected":false},"excerpt":{"rendered":"<p>Bottle 30 ml<\/p>\n<h4>PROPRI\u00c9T\u00c9S<\/h4>\n<p>Rides, perte de volume et d\u2019\u00e9lasticit\u00e9, peau terne et fatigu\u00e9e.<br \/>Une formule r\u00e9g\u00e9n\u00e9rante unique, alliant deux types d\u2019acides hyaluroniques purs, vitamine B5 et mad\u00e9cassoside, pour repulper, r\u00e9parer la barri\u00e8re cutan\u00e9e et favoriser la r\u00e9g\u00e9n\u00e9ration de la peau.<\/p>","protected":false},"featured_media":27939,"template":"","meta":{"arc_restricted_post":false},"product_cat":[48,401,331],"product_tag":[],"_links":{"self":[{"href":"https:\/\/www.sopha-sahara.com\/en\/wp-json\/wp\/v2\/product\/27767"}],"collection":[{"href":"https:\/\/www.sopha-sahara.com\/en\/wp-json\/wp\/v2\/product"}],"about":[{"href":"https:\/\/www.sopha-sahara.com\/en\/wp-json\/wp\/v2\/types\/product"}],"wp:featuredmedia":[{"embeddable":true,"href":"https:\/\/www.sopha-sahara.com\/en\/wp-json\/wp\/v2\/media\/27939"}],"wp:attachment":[{"href":"https:\/\/www.sopha-sahara.com\/en\/wp-json\/wp\/v2\/media?parent=27767"}],"wp:term":[{"taxonomy":"product_cat","embeddable":true,"href":"https:\/\/www.sopha-sahara.com\/en\/wp-json\/wp\/v2\/product_cat?post=27767"},{"taxonomy":"product_tag","embeddable":true,"href":"https:\/\/www.sopha-sahara.com\/en\/wp-json\/wp\/v2\/product_tag?post=27767"}],"curies":[{"name":"wp","href":"https:\/\/api.w.org\/{rel}","templated":true}]}}