{"id":27766,"date":"2021-01-12T11:02:11","date_gmt":"2021-01-12T10:02:11","guid":{"rendered":"https:\/\/www.interbusinesschamber.com\/produit\/toleriane-mascara-volume\/"},"modified":"2021-01-13T12:43:01","modified_gmt":"2021-01-13T11:43:01","slug":"toleriane-mascara-volume","status":"publish","type":"product","link":"https:\/\/www.sopha-sahara.com\/en\/product\/toleriane-mascara-volume\/","title":{"rendered":"Toleriane mascara Volume"},"content":{"rendered":"","protected":false},"excerpt":{"rendered":"<p>7,6 ml<\/p>\n<h4>PROPRI\u00c9T\u00c9S<\/h4>\n<p>Yeux sensibles et porteurs de lentilles<br \/>Un volume extr\u00eame, sans inconfort de l&rsquo;application au d\u00e9maquillage:<br \/>1. Sa formule volumatrice micro-a\u00e9r\u00e9e densifie intens\u00e9ment les cils sans les alourdir et se d\u00e9maquille tr\u00e8s facilement.<br \/>2. Sa brosse d\u00e9ploie chaque cil, sans irriter le contour de l&rsquo;\u0153il.<\/p>\n<p>C\u00e9ramide &amp; cire de carnauba \u00e9paississante<\/p>","protected":false},"featured_media":27938,"template":"","meta":{"arc_restricted_post":false},"product_cat":[48,331,400],"product_tag":[],"_links":{"self":[{"href":"https:\/\/www.sopha-sahara.com\/en\/wp-json\/wp\/v2\/product\/27766"}],"collection":[{"href":"https:\/\/www.sopha-sahara.com\/en\/wp-json\/wp\/v2\/product"}],"about":[{"href":"https:\/\/www.sopha-sahara.com\/en\/wp-json\/wp\/v2\/types\/product"}],"wp:featuredmedia":[{"embeddable":true,"href":"https:\/\/www.sopha-sahara.com\/en\/wp-json\/wp\/v2\/media\/27938"}],"wp:attachment":[{"href":"https:\/\/www.sopha-sahara.com\/en\/wp-json\/wp\/v2\/media?parent=27766"}],"wp:term":[{"taxonomy":"product_cat","embeddable":true,"href":"https:\/\/www.sopha-sahara.com\/en\/wp-json\/wp\/v2\/product_cat?post=27766"},{"taxonomy":"product_tag","embeddable":true,"href":"https:\/\/www.sopha-sahara.com\/en\/wp-json\/wp\/v2\/product_tag?post=27766"}],"curies":[{"name":"wp","href":"https:\/\/api.w.org\/{rel}","templated":true}]}}