{"id":27765,"date":"2021-01-12T11:02:11","date_gmt":"2021-01-12T10:02:11","guid":{"rendered":"https:\/\/www.interbusinesschamber.com\/produit\/toleriane-crayon-douceur\/"},"modified":"2021-01-13T12:42:20","modified_gmt":"2021-01-13T11:42:20","slug":"toleriane-crayon-douceur","status":"publish","type":"product","link":"https:\/\/www.sopha-sahara.com\/en\/product\/toleriane-crayon-douceur\/","title":{"rendered":"Toleriane Crayon Douceur"},"content":{"rendered":"<h4>TEXTURE &amp; APPLICATION<\/h4>\n<div>Dessiner une ligne plus ou moins \u00e9paisse, le long de la racine des cils inf\u00e9rieurs ou sup\u00e9rieurs.<\/div>","protected":false},"excerpt":{"rendered":"<div id=\"action\" class=\"ctn_desc\">\n<p>Intensifie et illumine le regard, souligne le contour de l&rsquo;\u0153il.<\/p>\n<\/div>\n<div class=\"ctn_format\">\n<p>Crayon 1,0 g<\/p>\n<h4>PROPRI\u00c9T\u00c9S<\/h4>\n<p>Yeux sensibles et porteurs de lentilles.<br \/>Avec sa mine ultra \u00e9molliente, ce crayon mine dessine sur la paupi\u00e8re un trait doux, intense et modulable. Tenue anti-migration.<br \/>Disponible en 2 teintes.<\/p>\n<\/div>","protected":false},"featured_media":27937,"template":"","meta":{"arc_restricted_post":false},"product_cat":[48,331,400],"product_tag":[],"_links":{"self":[{"href":"https:\/\/www.sopha-sahara.com\/en\/wp-json\/wp\/v2\/product\/27765"}],"collection":[{"href":"https:\/\/www.sopha-sahara.com\/en\/wp-json\/wp\/v2\/product"}],"about":[{"href":"https:\/\/www.sopha-sahara.com\/en\/wp-json\/wp\/v2\/types\/product"}],"wp:featuredmedia":[{"embeddable":true,"href":"https:\/\/www.sopha-sahara.com\/en\/wp-json\/wp\/v2\/media\/27937"}],"wp:attachment":[{"href":"https:\/\/www.sopha-sahara.com\/en\/wp-json\/wp\/v2\/media?parent=27765"}],"wp:term":[{"taxonomy":"product_cat","embeddable":true,"href":"https:\/\/www.sopha-sahara.com\/en\/wp-json\/wp\/v2\/product_cat?post=27765"},{"taxonomy":"product_tag","embeddable":true,"href":"https:\/\/www.sopha-sahara.com\/en\/wp-json\/wp\/v2\/product_tag?post=27765"}],"curies":[{"name":"wp","href":"https:\/\/api.w.org\/{rel}","templated":true}]}}