{"id":27764,"date":"2021-01-12T11:02:11","date_gmt":"2021-01-12T10:02:11","guid":{"rendered":"https:\/\/www.interbusinesschamber.com\/produit\/toleriane-teint-compact\/"},"modified":"2021-01-13T12:31:24","modified_gmt":"2021-01-13T11:31:24","slug":"toleriane-teint-compact","status":"publish","type":"product","link":"https:\/\/www.sopha-sahara.com\/en\/product\/toleriane-teint-compact\/","title":{"rendered":"Toleriane Teint Compact"},"content":{"rendered":"<h4>TEXTURE &amp; APPLICATION<\/h4>\n<div>Apr\u00e8s la cr\u00e8me de jour, pr\u00e9lever une petite quantit\u00e9 de produit \u00e0 l'aide de l'\u00e9ponge et l'\u00e9tirer de la zone m\u00e9diane vers l'ext\u00e9rieur du visage.<\/div>","protected":false},"excerpt":{"rendered":"<div id=\"action\" class=\"ctn_desc\">\n<p>Corrige les imperfections s\u00e9v\u00e8res sans surcharge pour un fini semi-mat poudr\u00e9<\/p>\n<\/div>\n<div class=\"ctn_format\">\n<p>Boitier 9g<\/p>\n<h4>PROPRI\u00c9T\u00c9S<\/h4>\n<p>Tous types de peaux sensibles \u00e0 intol\u00e9rantes<br \/>Couvre toutes les imperfections s\u00e9v\u00e8res, temporaires ou permanentes<br \/>(cernes, rougeurs,\u00a0acn\u00e9, vitiligo, angiome, cicatrice, br\u00fblure).<br \/>Sa texture ultra-fine se module facilement\u00a0pour un r\u00e9sultat maquillage naturel.<br \/>Texture cr\u00e8me waterproof : pas d&rsquo;effet masque.<br \/>&#8211; 30% de pigments enrob\u00e9s<br \/>&#8211; SPF 25<br \/>&#8211; Eponge douce, mall\u00e9able, anti-friction<br \/>Tr\u00e8s haute tol\u00e9rance: sans parfum, sans conservateur.<br \/>Existe en 4 teintes.<\/p>\n<\/div>","protected":false},"featured_media":23229,"template":"","meta":{"arc_restricted_post":false},"product_cat":[48,331,400],"product_tag":[],"_links":{"self":[{"href":"https:\/\/www.sopha-sahara.com\/en\/wp-json\/wp\/v2\/product\/27764"}],"collection":[{"href":"https:\/\/www.sopha-sahara.com\/en\/wp-json\/wp\/v2\/product"}],"about":[{"href":"https:\/\/www.sopha-sahara.com\/en\/wp-json\/wp\/v2\/types\/product"}],"wp:featuredmedia":[{"embeddable":true,"href":"https:\/\/www.sopha-sahara.com\/en\/wp-json\/wp\/v2\/media\/23229"}],"wp:attachment":[{"href":"https:\/\/www.sopha-sahara.com\/en\/wp-json\/wp\/v2\/media?parent=27764"}],"wp:term":[{"taxonomy":"product_cat","embeddable":true,"href":"https:\/\/www.sopha-sahara.com\/en\/wp-json\/wp\/v2\/product_cat?post=27764"},{"taxonomy":"product_tag","embeddable":true,"href":"https:\/\/www.sopha-sahara.com\/en\/wp-json\/wp\/v2\/product_tag?post=27764"}],"curies":[{"name":"wp","href":"https:\/\/api.w.org\/{rel}","templated":true}]}}