{"id":27763,"date":"2021-01-12T11:02:11","date_gmt":"2021-01-12T10:02:11","guid":{"rendered":"https:\/\/www.interbusinesschamber.com\/produit\/toleriane-teint-fluide\/"},"modified":"2021-01-13T12:36:51","modified_gmt":"2021-01-13T11:36:51","slug":"toleriane-teint-fluide","status":"publish","type":"product","link":"https:\/\/www.sopha-sahara.com\/en\/product\/toleriane-teint-fluide\/","title":{"rendered":"Toleriane Teint fluide"},"content":{"rendered":"<div class=\"ctn_col var_efficacy\">\n<h4>EFFICACIT\u00c9<\/h4>\n<p>Corrige toutes les imperfections pour un teint uniforme sans d\u00e9faut, sans marquer la peau.<\/p>\n<\/div>\n<div class=\"ctn_col var_texture\">\n<h4>TEXTURE &amp; APPLICATION<\/h4>\n<div>Pr\u00e9lever une petite quantit\u00e9 de produit et d\u00e9poser au doigt ou avec un pinceau sur la zone m\u00e9diane du visage puis l\u2019\u00e9tirer par mouvements circulaires vers l\u2019ext\u00e9rieur du visage.<\/div>\n<\/div>","protected":false},"excerpt":{"rendered":"<div id=\"action\" class=\"ctn_desc\">\n<p>Corrige et unifie sans surcharge<\/p>\n<\/div>\n<div class=\"ctn_format\">\n<p>Tube 30ml<\/p>\n<h4>PROPRI\u00c9T\u00c9S<\/h4>\n<p>Imperfections des peaux sensibles \u00e0 intol\u00e9rantes<br \/>Corrige toutes les imperfections et unifie parfaitement le teint gr\u00e2ce \u00e0 son pouvoir couvrant \u00e9lev\u00e9. Enrichie d\u2019un nouvel agent texturisant brevet\u00e9, la formule ultra-\u00e9tirable se module facilement pour un r\u00e9sultat maquillage naturel sans surcharge et un confort longue dur\u00e9e. Haute tol\u00e9rance. Sans conservateur. Test\u00e9 sur peaux sensibles \u00e0 intol\u00e9rantes. Non-com\u00e9dog\u00e8ne. Protection solaire SPF 25.<\/p>\n<\/div>","protected":false},"featured_media":23226,"template":"","meta":{"arc_restricted_post":false},"product_cat":[48,331,400],"product_tag":[],"_links":{"self":[{"href":"https:\/\/www.sopha-sahara.com\/en\/wp-json\/wp\/v2\/product\/27763"}],"collection":[{"href":"https:\/\/www.sopha-sahara.com\/en\/wp-json\/wp\/v2\/product"}],"about":[{"href":"https:\/\/www.sopha-sahara.com\/en\/wp-json\/wp\/v2\/types\/product"}],"wp:featuredmedia":[{"embeddable":true,"href":"https:\/\/www.sopha-sahara.com\/en\/wp-json\/wp\/v2\/media\/23226"}],"wp:attachment":[{"href":"https:\/\/www.sopha-sahara.com\/en\/wp-json\/wp\/v2\/media?parent=27763"}],"wp:term":[{"taxonomy":"product_cat","embeddable":true,"href":"https:\/\/www.sopha-sahara.com\/en\/wp-json\/wp\/v2\/product_cat?post=27763"},{"taxonomy":"product_tag","embeddable":true,"href":"https:\/\/www.sopha-sahara.com\/en\/wp-json\/wp\/v2\/product_tag?post=27763"}],"curies":[{"name":"wp","href":"https:\/\/api.w.org\/{rel}","templated":true}]}}