{"id":27762,"date":"2021-01-12T11:02:10","date_gmt":"2021-01-12T10:02:10","guid":{"rendered":"https:\/\/www.interbusinesschamber.com\/produit\/toleriane-teint-fond-de-teint-mousse-matifiante\/"},"modified":"2021-01-13T12:41:44","modified_gmt":"2021-01-13T11:41:44","slug":"toleriane-teint-fond-de-teint-mousse-matifiante","status":"publish","type":"product","link":"https:\/\/www.sopha-sahara.com\/en\/product\/toleriane-teint-fond-de-teint-mousse-matifiante\/","title":{"rendered":"Toleriane Teint Fond de teint mousse matifiante"},"content":{"rendered":"<h4>TEXTURE &amp; APPLICATION<\/h4>\n<div>S'utilise apr\u00e8s la cr\u00e8me de jour et \u00e9ventuellement un pinceau correcteur TOLERIANE TEINT, cibl\u00e9 selon le type de correction n\u00e9cessaire.<br \/>Pr\u00e9lever une noisette de mousse ultra-l\u00e9g\u00e8re, appliquer 5 touches (front, pommettes, menton, nez) et \u00e9tirer la texture de l'int\u00e9rieur du visage vers l'ext\u00e9rieur pour qu'elle vienne se fondre avec la peau.<\/div>","protected":false},"excerpt":{"rendered":"<div id=\"action\" class=\"ctn_desc\">\n<p>Teint matifi\u00e9. Fini velout\u00e9. L\u00e9g\u00e8ret\u00e9 longue-dur\u00e9e.<\/p>\n<\/div>\n<div class=\"ctn_format\">\n<p>Tube 30ml<\/p>\n<h4>PROPRI\u00c9T\u00c9S<\/h4>\n<p>Peaux sensibles mixtes \u00e0 grasses.<br \/>Gr\u00e2ce \u00e0 sa texture mousse a\u00e9rienne in\u00e9dite ultra-l\u00e9g\u00e8re et ses actifs absorbants anti-eau et anti-sebum, dont la perlite, la Mousse matifiante Tol\u00e9riane Teint contr\u00f4le visiblement et tout au long de la journ\u00e9e la qualit\u00e9 et la tenue du maquillage des peaux sensibles mixtes \u00e0 grasses.<br \/>R\u00e9siste \u00e0 la transpiration. Test\u00e9 sur peaux sensibles \u00e0 intol\u00e9rantes. Non com\u00e9dog\u00e8ne. Existe en 5 teintes.<\/p>\n<\/div>","protected":false},"featured_media":27936,"template":"","meta":{"arc_restricted_post":false},"product_cat":[48,331,400],"product_tag":[],"_links":{"self":[{"href":"https:\/\/www.sopha-sahara.com\/en\/wp-json\/wp\/v2\/product\/27762"}],"collection":[{"href":"https:\/\/www.sopha-sahara.com\/en\/wp-json\/wp\/v2\/product"}],"about":[{"href":"https:\/\/www.sopha-sahara.com\/en\/wp-json\/wp\/v2\/types\/product"}],"wp:featuredmedia":[{"embeddable":true,"href":"https:\/\/www.sopha-sahara.com\/en\/wp-json\/wp\/v2\/media\/27936"}],"wp:attachment":[{"href":"https:\/\/www.sopha-sahara.com\/en\/wp-json\/wp\/v2\/media?parent=27762"}],"wp:term":[{"taxonomy":"product_cat","embeddable":true,"href":"https:\/\/www.sopha-sahara.com\/en\/wp-json\/wp\/v2\/product_cat?post=27762"},{"taxonomy":"product_tag","embeddable":true,"href":"https:\/\/www.sopha-sahara.com\/en\/wp-json\/wp\/v2\/product_tag?post=27762"}],"curies":[{"name":"wp","href":"https:\/\/api.w.org\/{rel}","templated":true}]}}