{"id":27761,"date":"2021-01-12T11:02:10","date_gmt":"2021-01-12T10:02:10","guid":{"rendered":"https:\/\/www.interbusinesschamber.com\/produit\/toleriane-teint-mineral\/"},"modified":"2021-01-13T12:41:00","modified_gmt":"2021-01-13T11:41:00","slug":"toleriane-teint-mineral","status":"publish","type":"product","link":"https:\/\/www.sopha-sahara.com\/en\/product\/toleriane-teint-mineral\/","title":{"rendered":"Toleriane Teint Mineral"},"content":{"rendered":"<div class=\"ctn_col var_efficacy\">\n<h4>EFFICACIT\u00c9<\/h4>\n<p>Le teint est parfaitement unifi\u00e9, matifi\u00e9 et naturel. Les imperfections sont r\u00e9duites jour apr\u00e8s jour.<\/p>\n<\/div>\n<div class=\"ctn_col var_texture\">\n<h4>TEXTURE &amp; APPLICATION<\/h4>\n<div>Pr\u00e9lever une petite quantit\u00e9 de TOLERIANE TEINT Correcteur de Teint Compact \u00e0 l\u2019aide de l\u2019\u00e9ponge et \u00e9tirer le produit de la zone m\u00e9diane vers l\u2019ext\u00e9rieur du visage. Peut \u00eatre utilis\u00e9 en retouche au cours de la journ\u00e9e.<\/div>\n<\/div>","protected":false},"excerpt":{"rendered":"<div id=\"action\" class=\"ctn_desc\">\n<p>Corrige et unifie le teint. Purifie et matifie sans obstruer les pores<\/p>\n<\/div>\n<div class=\"ctn_format\">\n<p>Poudre compacte 9,5 g<\/p>\n<h4>PROPRI\u00c9T\u00c9S<\/h4>\n<p>Peaux normales \u00e0 mixtes<br \/>Corrige les imperfections des peaux normales \u00e0 mixtes sensibles \u00e0 intol\u00e9rantes. Sa texture poudre min\u00e9rale couvre comme un fond de teint sans obstruer les pores. Eponge ultra-douce pour les peaux sensibles.<br \/>Haute tol\u00e9rance. Sans conservateur. Test\u00e9 sur peaux sensibles. Non-com\u00e9dog\u00e8ne. Protection solaire SPF 25.<\/p>\n<\/div>","protected":false},"featured_media":27935,"template":"","meta":{"arc_restricted_post":false},"product_cat":[48,331,400],"product_tag":[],"_links":{"self":[{"href":"https:\/\/www.sopha-sahara.com\/en\/wp-json\/wp\/v2\/product\/27761"}],"collection":[{"href":"https:\/\/www.sopha-sahara.com\/en\/wp-json\/wp\/v2\/product"}],"about":[{"href":"https:\/\/www.sopha-sahara.com\/en\/wp-json\/wp\/v2\/types\/product"}],"wp:featuredmedia":[{"embeddable":true,"href":"https:\/\/www.sopha-sahara.com\/en\/wp-json\/wp\/v2\/media\/27935"}],"wp:attachment":[{"href":"https:\/\/www.sopha-sahara.com\/en\/wp-json\/wp\/v2\/media?parent=27761"}],"wp:term":[{"taxonomy":"product_cat","embeddable":true,"href":"https:\/\/www.sopha-sahara.com\/en\/wp-json\/wp\/v2\/product_cat?post=27761"},{"taxonomy":"product_tag","embeddable":true,"href":"https:\/\/www.sopha-sahara.com\/en\/wp-json\/wp\/v2\/product_tag?post=27761"}],"curies":[{"name":"wp","href":"https:\/\/api.w.org\/{rel}","templated":true}]}}