{"id":27760,"date":"2021-01-12T11:02:10","date_gmt":"2021-01-12T10:02:10","guid":{"rendered":"https:\/\/www.interbusinesschamber.com\/produit\/toleriane-sensitive-riche\/"},"modified":"2021-01-13T12:14:00","modified_gmt":"2021-01-13T11:14:00","slug":"toleriane-sensitive-riche","status":"publish","type":"product","link":"https:\/\/www.sopha-sahara.com\/en\/product\/toleriane-sensitive-riche\/","title":{"rendered":"Toleriane sensitive RICHE"},"content":{"rendered":"<div class=\"ctn_col var_efficacy\">\n<h4>EFFICACIT\u00c9<\/h4>\n<p>Apr\u00e8s 4 semaines :<\/p>\n<p>R\u00e9duit la sensibilit\u00e9 cutan\u00e9e<br \/>-77% picotements<br \/>R\u00e9duit les signes cliniques de sensibilit\u00e9<br \/>-55% s\u00e9cheresse<br \/>R\u00e9duit les signes d\u2019inconfort<br \/>-98% tiraillement<br \/>-100% d\u00e9mangeaisons<\/p>\n<p>Test\u00e9 sous contr\u00f4le dermatologique.<br \/>Test\u00e9 sous contr\u00f4le ophtalmologique.<\/p>\n<\/div>\n<div class=\"ctn_col var_texture\">\n<h4>TEXTURE &amp; APPLICATION<\/h4>\n<div>Appliquer sur le visage et le cou matin et soir.<\/div>\n<\/div>","protected":false},"excerpt":{"rendered":"<div id=\"action\" class=\"ctn_desc\">\n<p>Hydrate 48H et apaise instantan\u00e9ment les sensations d\u2019inconfort, tiraillements, picotements, rougeurs et s\u00e9cheresses des peaux sensibles \u00e0 tendance s\u00e8che.<\/p>\n<\/div>\n<div class=\"ctn_format\">\n<p>Tube 40ml<\/p>\n<h4>PROPRI\u00c9T\u00c9S<\/h4>\n<p>83% d\u2019actifs apaisants et protecteurs :<br \/>&#8211;\u00a0 Glycerine, hydrate 48H<br \/>&#8211;\u00a0 Beurre de karit\u00e9, r\u00e9pare et prot\u00e8ge la barri\u00e8re cutan\u00e9e<br \/>&#8211;\u00a0 Vitamine B3, apaise instantan\u00e9ment<br \/>&#8211;\u00a0 Eau thermale La Roche-Posay, apaise et r\u00e9duit les irritations<br \/>0% parfum, alcool, parabens, conservateurs<br \/>Convient aux b\u00e9b\u00e9s et aux enfants<\/p>\n<\/div>","protected":false},"featured_media":23150,"template":"","meta":{"arc_restricted_post":false},"product_cat":[48,331,399],"product_tag":[],"_links":{"self":[{"href":"https:\/\/www.sopha-sahara.com\/en\/wp-json\/wp\/v2\/product\/27760"}],"collection":[{"href":"https:\/\/www.sopha-sahara.com\/en\/wp-json\/wp\/v2\/product"}],"about":[{"href":"https:\/\/www.sopha-sahara.com\/en\/wp-json\/wp\/v2\/types\/product"}],"wp:featuredmedia":[{"embeddable":true,"href":"https:\/\/www.sopha-sahara.com\/en\/wp-json\/wp\/v2\/media\/23150"}],"wp:attachment":[{"href":"https:\/\/www.sopha-sahara.com\/en\/wp-json\/wp\/v2\/media?parent=27760"}],"wp:term":[{"taxonomy":"product_cat","embeddable":true,"href":"https:\/\/www.sopha-sahara.com\/en\/wp-json\/wp\/v2\/product_cat?post=27760"},{"taxonomy":"product_tag","embeddable":true,"href":"https:\/\/www.sopha-sahara.com\/en\/wp-json\/wp\/v2\/product_tag?post=27760"}],"curies":[{"name":"wp","href":"https:\/\/api.w.org\/{rel}","templated":true}]}}