{"id":27758,"date":"2021-01-12T11:02:10","date_gmt":"2021-01-12T10:02:10","guid":{"rendered":"https:\/\/www.interbusinesschamber.com\/produit\/toleriane-ultra-nuit\/"},"modified":"2021-01-13T12:15:19","modified_gmt":"2021-01-13T11:15:19","slug":"toleriane-ultra-nuit","status":"publish","type":"product","link":"https:\/\/www.sopha-sahara.com\/en\/product\/toleriane-ultra-nuit\/","title":{"rendered":"Toleriane Ultra Nuit"},"content":{"rendered":"<h4>TEXTURE &amp; APPLICATION<\/h4>\n<div>Appliquer tous les soirs sur le visage et le cou.<\/div>","protected":false},"excerpt":{"rendered":"<div id=\"action\" class=\"ctn_desc\">\n<p>Hydrate et apaise intens\u00e9ment. Nuit apr\u00e8s nuit, diminue la sensibilit\u00e9 de la peau pour lib\u00e9rer la peau de ses inconforts chaque matin.Texture onctueuse et enveloppante.Non com\u00e9dog\u00e8ne.<\/p>\n<\/div>\n<div class=\"ctn_format\">\n<p>Un packaging ultra herm\u00e9tique doubl\u00e9 d&rsquo;un syst\u00e8me anti-reprise d&rsquo;air &#8211; 40ml<\/p>\n<h4>PROPRI\u00c9T\u00c9S<\/h4>\n<p><strong>Peaux ultra-sensibles \u00e0 allergiques.<\/strong><br \/>Un soin de nuit r\u00e9parateur ultra apaisant \u00e0 l&rsquo;Eau Thermale de La Roche-Posay qui associe la Neurosensine, puissant actif apaisant, ciblant les sensations d&rsquo;inconforts cutan\u00e9es, au complexe [Carnosine\/Vitamine E] d\u00e9toxifiant pour limiter l&rsquo;apparition d&rsquo;inconforts cutan\u00e9s et de rougeurs au r\u00e9veil. Un packaging ultra herm\u00e9tique doubl\u00e9 d&rsquo;un syst\u00e8me anti-reprise d&rsquo;air permet et garantit sa formulation \u00e9pur\u00e9e.<\/p>\n<\/div>\n","protected":false},"featured_media":23235,"template":"","meta":{"arc_restricted_post":false},"product_cat":[48,331,399],"product_tag":[],"_links":{"self":[{"href":"https:\/\/www.sopha-sahara.com\/en\/wp-json\/wp\/v2\/product\/27758"}],"collection":[{"href":"https:\/\/www.sopha-sahara.com\/en\/wp-json\/wp\/v2\/product"}],"about":[{"href":"https:\/\/www.sopha-sahara.com\/en\/wp-json\/wp\/v2\/types\/product"}],"wp:featuredmedia":[{"embeddable":true,"href":"https:\/\/www.sopha-sahara.com\/en\/wp-json\/wp\/v2\/media\/23235"}],"wp:attachment":[{"href":"https:\/\/www.sopha-sahara.com\/en\/wp-json\/wp\/v2\/media?parent=27758"}],"wp:term":[{"taxonomy":"product_cat","embeddable":true,"href":"https:\/\/www.sopha-sahara.com\/en\/wp-json\/wp\/v2\/product_cat?post=27758"},{"taxonomy":"product_tag","embeddable":true,"href":"https:\/\/www.sopha-sahara.com\/en\/wp-json\/wp\/v2\/product_tag?post=27758"}],"curies":[{"name":"wp","href":"https:\/\/api.w.org\/{rel}","templated":true}]}}