{"id":27757,"date":"2021-01-12T11:02:10","date_gmt":"2021-01-12T10:02:10","guid":{"rendered":"https:\/\/www.interbusinesschamber.com\/produit\/toleriane-ultra-contour-des-yeux\/"},"modified":"2021-01-13T12:16:04","modified_gmt":"2021-01-13T11:16:04","slug":"toleriane-ultra-contour-des-yeux","status":"publish","type":"product","link":"https:\/\/www.sopha-sahara.com\/en\/product\/toleriane-ultra-contour-des-yeux\/","title":{"rendered":"Toleriane Ultra Contour Des Yeux"},"content":{"rendered":"<div class=\"ctn_col var_efficacy\">\n<h4>EFFICACIT\u00c9<\/h4>\n<p><strong>Soulagement imm\u00e9diat:<\/strong>\u00a0baisse significative des d\u00e9mangeaisons, des inconforts, des sensations de chaleur et des rougeurs.<br \/><strong>Soulagement durable apr\u00e8s 4 semaines<\/strong>\u00a0des irritations et des gonflements.<br \/><strong>Haute Tol\u00e9rance<\/strong>\u00a0test\u00e9e cliniquement sur peaux polyallergiques r\u00e9agissant \u00e0 au moins deux allerg\u00e8nes mentionn\u00e9s dans la Batterie Standard Europ\u00e9enne, et selon un protocole unique.<\/p>\n<\/div>\n<div class=\"ctn_col var_texture\">\n<h4>TEXTURE &amp; APPLICATION<\/h4>\n<div>Appliquer sur le contour des yeux matin et soir.<\/div>\n<\/div>","protected":false},"excerpt":{"rendered":"<div id=\"action\" class=\"ctn_desc\">\n<p>Soin anti-poches anti-irritations, soulage imm\u00e9diatement et durablement.<\/p>\n<\/div>\n<div class=\"ctn_format\">\n<p>Flacon pompe Technologie ultra-hermetique 20ml<\/p>\n<h4>PROPRI\u00c9T\u00c9S<\/h4>\n<p>Rougeurs, picotements, poches, sensations d&rsquo;incoforts du contour des yeux sensibles. Convient aux porteurs de lentilles.<br \/>Soin hydratant et ultra-apaisant qui associe le complexe brevet\u00e9\u00a0<strong>[Neurosensine + Niacinamide]<\/strong>\u00a0ciblant les poches et inconforts du contour des yeux, et\u00a0<strong>l&rsquo;Eau thermale de La Roche-Posay<\/strong>,\u00a0 apaisante et protectrice.<br \/>Dans un nouveau\u00a0<strong>packaging ultra herm\u00e9tique<\/strong>\u00a0permettant une formulation ultra-\u00e9pur\u00e9e pour une tol\u00e9rance optimale :\u00a0<strong>sans conservateur, sans paraben, sans parfum, sans alcool, sans colorant, sans lanoline<\/strong>.<\/p>\n<\/div>\n","protected":false},"featured_media":23234,"template":"","meta":{"arc_restricted_post":false},"product_cat":[48,331,399],"product_tag":[],"_links":{"self":[{"href":"https:\/\/www.sopha-sahara.com\/en\/wp-json\/wp\/v2\/product\/27757"}],"collection":[{"href":"https:\/\/www.sopha-sahara.com\/en\/wp-json\/wp\/v2\/product"}],"about":[{"href":"https:\/\/www.sopha-sahara.com\/en\/wp-json\/wp\/v2\/types\/product"}],"wp:featuredmedia":[{"embeddable":true,"href":"https:\/\/www.sopha-sahara.com\/en\/wp-json\/wp\/v2\/media\/23234"}],"wp:attachment":[{"href":"https:\/\/www.sopha-sahara.com\/en\/wp-json\/wp\/v2\/media?parent=27757"}],"wp:term":[{"taxonomy":"product_cat","embeddable":true,"href":"https:\/\/www.sopha-sahara.com\/en\/wp-json\/wp\/v2\/product_cat?post=27757"},{"taxonomy":"product_tag","embeddable":true,"href":"https:\/\/www.sopha-sahara.com\/en\/wp-json\/wp\/v2\/product_tag?post=27757"}],"curies":[{"name":"wp","href":"https:\/\/api.w.org\/{rel}","templated":true}]}}