{"id":27756,"date":"2021-01-12T11:02:09","date_gmt":"2021-01-12T10:02:09","guid":{"rendered":"https:\/\/www.interbusinesschamber.com\/produit\/toleriane-ultra-0\/"},"modified":"2021-01-13T12:22:41","modified_gmt":"2021-01-13T11:22:41","slug":"toleriane-ultra-0","status":"publish","type":"product","link":"https:\/\/www.sopha-sahara.com\/en\/product\/toleriane-ultra-0\/","title":{"rendered":"Toleriane Ultra 0%"},"content":{"rendered":"<div class=\"ctn_col var_efficacy\">\n<h4>EFFICACIT\u00c9<\/h4>\n<p>1. Soulagement imm\u00e9diat: la peau est apais\u00e9e\u00a0 et les irritations calm\u00e9es.<br \/>2. Soulagement durable apr\u00e8s 4 semaines: disparition des irritations et sensations de br\u00fblures.<br \/>3. Tol\u00e9rance: Formule test\u00e9e sur des peaux polyallergiques r\u00e9agissant \u00e0 au moins deux allerg\u00e8nes mentionn\u00e9s dans la Batterie Standard Europ\u00e9enne, et selon un protocole unique qui ne laisse place \u00e0 aucune approximation: application sous patch occlusif 48h et 2 fois\/jour pendant 4 semaines.<\/p>\n<\/div>\n<div class=\"ctn_col var_texture\">\n<h4>TEXTURE &amp; APPLICATION<\/h4>\n<div>Appliquer sur le visage et le cou matin et soir.<\/div>\n<\/div>","protected":false},"excerpt":{"rendered":"<div id=\"action\" class=\"ctn_desc\">\n<p>Soulage intens\u00e9ment et durablement les inconforts quotidiens des peaux ultra-sensibles ou allergiques.<\/p>\n<\/div>\n<div class=\"ctn_format\">\n<p>Flacon 100% hermetique, 40ml.<\/p>\n<h4>PROPRI\u00c9T\u00c9S<\/h4>\n<p>Peaux ultra-sensibles ou allergiques.<br \/>Sa formule est une v\u00e9ritable prouesse formulatoire: ultra \u00e9pur\u00e9e, sans concession et hautement s\u00e9curitaire. Une formule r\u00e9duite \u00e0 l\u2019essentiel, avec un minimum de composants et l\u2019\u00e9viction de toute substance potentiellement irritante ou allergisante. Sa formule ultra-minimaliste acquiert un pouvoir apaisant intense gr\u00e2ce \u00e0 la Neurosensine, un actif qui cible les m\u00e9canismes des irritations cutan\u00e9es. Une action apaisante qui est renforc\u00e9e gr\u00e2ce \u00e0 l&rsquo;association avec l\u2019eau thermale de La Roche-Posay, naturellement apaisante et anti-irritante. Non com\u00e9dog\u00e8ne. Ultra haute tol\u00e9rance. Test\u00e9 sur peaux allergiques.\u00a0 0% conservateur \/ paraben \/ parfum \/ alcool \/ colorant \/ lanoline.<\/p>\n<\/div>","protected":false},"featured_media":27934,"template":"","meta":{"arc_restricted_post":false},"product_cat":[48,331,399],"product_tag":[],"_links":{"self":[{"href":"https:\/\/www.sopha-sahara.com\/en\/wp-json\/wp\/v2\/product\/27756"}],"collection":[{"href":"https:\/\/www.sopha-sahara.com\/en\/wp-json\/wp\/v2\/product"}],"about":[{"href":"https:\/\/www.sopha-sahara.com\/en\/wp-json\/wp\/v2\/types\/product"}],"wp:featuredmedia":[{"embeddable":true,"href":"https:\/\/www.sopha-sahara.com\/en\/wp-json\/wp\/v2\/media\/27934"}],"wp:attachment":[{"href":"https:\/\/www.sopha-sahara.com\/en\/wp-json\/wp\/v2\/media?parent=27756"}],"wp:term":[{"taxonomy":"product_cat","embeddable":true,"href":"https:\/\/www.sopha-sahara.com\/en\/wp-json\/wp\/v2\/product_cat?post=27756"},{"taxonomy":"product_tag","embeddable":true,"href":"https:\/\/www.sopha-sahara.com\/en\/wp-json\/wp\/v2\/product_tag?post=27756"}],"curies":[{"name":"wp","href":"https:\/\/api.w.org\/{rel}","templated":true}]}}