{"id":27755,"date":"2021-01-12T11:02:09","date_gmt":"2021-01-12T10:02:09","guid":{"rendered":"https:\/\/www.interbusinesschamber.com\/produit\/toleriane-fluide-dermo-nettoyant\/"},"modified":"2021-01-13T12:17:21","modified_gmt":"2021-01-13T11:17:21","slug":"toleriane-fluide-dermo-nettoyant","status":"publish","type":"product","link":"https:\/\/www.sopha-sahara.com\/en\/product\/toleriane-fluide-dermo-nettoyant\/","title":{"rendered":"Toleriane Fluide Dermo-Nettoyant"},"content":{"rendered":"<h4>TEXTURE &amp; APPLICATION<\/h4>\n<div>Appliquer du bout des doigts en massant de mani\u00e8re circulaire, puis essuyer soignesement \u00e0 l'aide d'un coton, sans frotter. Usage externe.<\/div>","protected":false},"excerpt":{"rendered":"<div id=\"action\" class=\"ctn_desc\">\n<p>Nettoie et d\u00e9maquille le visage et les yeux sans risques d&rsquo;irritations. Avec ou sans rin\u00e7age.<\/p>\n<\/div>\n<div class=\"ctn_format\">\n<p>Flacon 200\/400 ml<\/p>\n<h4>PROPRI\u00c9T\u00c9S<\/h4>\n<p>Peaux sensibles et intol\u00e9rantes \u00e0 tendance s\u00e8che<br \/>Texture lait fluide enrichie en glyc\u00e9rine hydratante. Charte stricte de formulation pour minimiser les risques d&rsquo;intol\u00e9rances. Haute tol\u00e9rance. Sans parfum, sans tensio-actifs, sans conservateurs.<\/p>\n<\/div>","protected":false},"featured_media":23221,"template":"","meta":{"arc_restricted_post":false},"product_cat":[48,331,399],"product_tag":[],"_links":{"self":[{"href":"https:\/\/www.sopha-sahara.com\/en\/wp-json\/wp\/v2\/product\/27755"}],"collection":[{"href":"https:\/\/www.sopha-sahara.com\/en\/wp-json\/wp\/v2\/product"}],"about":[{"href":"https:\/\/www.sopha-sahara.com\/en\/wp-json\/wp\/v2\/types\/product"}],"wp:featuredmedia":[{"embeddable":true,"href":"https:\/\/www.sopha-sahara.com\/en\/wp-json\/wp\/v2\/media\/23221"}],"wp:attachment":[{"href":"https:\/\/www.sopha-sahara.com\/en\/wp-json\/wp\/v2\/media?parent=27755"}],"wp:term":[{"taxonomy":"product_cat","embeddable":true,"href":"https:\/\/www.sopha-sahara.com\/en\/wp-json\/wp\/v2\/product_cat?post=27755"},{"taxonomy":"product_tag","embeddable":true,"href":"https:\/\/www.sopha-sahara.com\/en\/wp-json\/wp\/v2\/product_tag?post=27755"}],"curies":[{"name":"wp","href":"https:\/\/api.w.org\/{rel}","templated":true}]}}