{"id":27754,"date":"2021-01-12T11:02:09","date_gmt":"2021-01-12T10:02:09","guid":{"rendered":"https:\/\/www.interbusinesschamber.com\/produit\/mousse-deau-micellaire-nettoyante\/"},"modified":"2021-01-13T12:04:13","modified_gmt":"2021-01-13T11:04:13","slug":"mousse-deau-micellaire-nettoyante","status":"publish","type":"product","link":"https:\/\/www.sopha-sahara.com\/en\/product\/mousse-deau-micellaire-nettoyante\/","title":{"rendered":"Mousse d&rsquo;Eau Micellaire Nettoyante"},"content":{"rendered":"<h4>TEXTURE &amp; APPLICATION<\/h4>\n<div>Appliquer du bout des doigts la mousse obtenue sur l\u2019ensemble du visage. Masser l\u00e9g\u00e8rement puis rincer. Eviter le contour des yeux.<\/div>","protected":false},"excerpt":{"rendered":"<div id=\"action\" class=\"ctn_desc\">\n<p>Nettoie en douceur les peaux sensibles.<\/p>\n<\/div>\n<div class=\"ctn_format\">\n<p>Flacon pompe 150 ml<\/p>\n<h4>PROPRI\u00c9T\u00c9S<\/h4>\n<p>Peaux sensibles.<br \/>L&rsquo;Eau Moussante Physiologique nettoie en douceur les peaux sensibles.<br \/>Charte de Formulation Physiologique :<br \/>&#8211; Agents nettoyants s\u00e9lectionn\u00e9s pour une tol\u00e9rance optimale.<br \/>&#8211; pH physiologique, sans savon, sans alcool, sans colorant, sans paraben.<\/p>\n<\/div>","protected":false},"featured_media":23212,"template":"","meta":{"arc_restricted_post":false},"product_cat":[48,331,398],"product_tag":[],"_links":{"self":[{"href":"https:\/\/www.sopha-sahara.com\/en\/wp-json\/wp\/v2\/product\/27754"}],"collection":[{"href":"https:\/\/www.sopha-sahara.com\/en\/wp-json\/wp\/v2\/product"}],"about":[{"href":"https:\/\/www.sopha-sahara.com\/en\/wp-json\/wp\/v2\/types\/product"}],"wp:featuredmedia":[{"embeddable":true,"href":"https:\/\/www.sopha-sahara.com\/en\/wp-json\/wp\/v2\/media\/23212"}],"wp:attachment":[{"href":"https:\/\/www.sopha-sahara.com\/en\/wp-json\/wp\/v2\/media?parent=27754"}],"wp:term":[{"taxonomy":"product_cat","embeddable":true,"href":"https:\/\/www.sopha-sahara.com\/en\/wp-json\/wp\/v2\/product_cat?post=27754"},{"taxonomy":"product_tag","embeddable":true,"href":"https:\/\/www.sopha-sahara.com\/en\/wp-json\/wp\/v2\/product_tag?post=27754"}],"curies":[{"name":"wp","href":"https:\/\/api.w.org\/{rel}","templated":true}]}}