{"id":27753,"date":"2021-01-12T11:02:09","date_gmt":"2021-01-12T10:02:09","guid":{"rendered":"https:\/\/www.interbusinesschamber.com\/produit\/demaquillants-physiologiques-demaquillant-yeux-physiologique\/"},"modified":"2021-01-13T12:09:59","modified_gmt":"2021-01-13T11:09:59","slug":"demaquillants-physiologiques-demaquillant-yeux-physiologique","status":"publish","type":"product","link":"https:\/\/www.sopha-sahara.com\/en\/product\/demaquillants-physiologiques-demaquillant-yeux-physiologique\/","title":{"rendered":"D\u00e9maquillants Physiologiques D\u00e9maquillant Yeux Physiologique"},"content":{"rendered":"<h4>TEXTURE &amp; APPLICATION<\/h4>\n<div>Appliquer sans frotter \u00e0 l'aide d'un coton. Sans rin\u00e7age.<\/div>","protected":false},"excerpt":{"rendered":"<div id=\"action\" class=\"ctn_desc\">\n<p>D\u00e9maquille en douceur les yeux sensibles.<\/p>\n<\/div>\n<div class=\"ctn_format\">\n<p>Flacon capsule PP Transparent bleu 125 ml<\/p>\n<h4>PROPRI\u00c9T\u00c9S<\/h4>\n<p>Yeux sensibles.<br \/>Le D\u00e9maquillant Yeux Physiologique d\u00e9maquille en douceur les yeux sensibles. Non com\u00e9dog\u00e8ne.<br \/>Charte de Formulation Physiologique :<br \/>&#8211; agents nettoyants s\u00e9lectionn\u00e9s pour une tol\u00e9rance optimale, haut pouvoir d\u00e9maquillant, \u00e0 l&rsquo;eau thermale de La Roche Posay,<br \/>&#8211; pH physiologique, sans savon, sans alcool, sans colorant, sans paraben.<\/p>\n<\/div>","protected":false},"featured_media":27930,"template":"","meta":{"arc_restricted_post":false},"product_cat":[48,331,398],"product_tag":[],"_links":{"self":[{"href":"https:\/\/www.sopha-sahara.com\/en\/wp-json\/wp\/v2\/product\/27753"}],"collection":[{"href":"https:\/\/www.sopha-sahara.com\/en\/wp-json\/wp\/v2\/product"}],"about":[{"href":"https:\/\/www.sopha-sahara.com\/en\/wp-json\/wp\/v2\/types\/product"}],"wp:featuredmedia":[{"embeddable":true,"href":"https:\/\/www.sopha-sahara.com\/en\/wp-json\/wp\/v2\/media\/27930"}],"wp:attachment":[{"href":"https:\/\/www.sopha-sahara.com\/en\/wp-json\/wp\/v2\/media?parent=27753"}],"wp:term":[{"taxonomy":"product_cat","embeddable":true,"href":"https:\/\/www.sopha-sahara.com\/en\/wp-json\/wp\/v2\/product_cat?post=27753"},{"taxonomy":"product_tag","embeddable":true,"href":"https:\/\/www.sopha-sahara.com\/en\/wp-json\/wp\/v2\/product_tag?post=27753"}],"curies":[{"name":"wp","href":"https:\/\/api.w.org\/{rel}","templated":true}]}}