{"id":27752,"date":"2021-01-12T11:02:09","date_gmt":"2021-01-12T10:02:09","guid":{"rendered":"https:\/\/www.interbusinesschamber.com\/produit\/demaquillants-physiologiques-gommage-surfin-physiologique\/"},"modified":"2021-01-13T12:06:09","modified_gmt":"2021-01-13T11:06:09","slug":"demaquillants-physiologiques-gommage-surfin-physiologique","status":"publish","type":"product","link":"https:\/\/www.sopha-sahara.com\/en\/product\/demaquillants-physiologiques-gommage-surfin-physiologique\/","title":{"rendered":"D\u00e9maquillants Physiologiques Gommage Surfin Physiologique"},"content":{"rendered":"<h4>TEXTURE &amp; APPLICATION<\/h4>\n<div>Appliquer sur le visage humide en massant doucement et en \u00e9vitant le contour des yeux. Rincer abondamment \u00e0 l'eau.<\/div>","protected":false},"excerpt":{"rendered":"<div id=\"action\" class=\"ctn_desc\">\n<p>Lisse et assainit en douceur les peaux sensibles.<\/p>\n<\/div>\n<div class=\"ctn_format\">\n<p>Tube 50ml<\/p>\n<h4>PROPRI\u00c9T\u00c9S<\/h4>\n<p>Peaux sensibles.<br \/>Le Gommage Surfin Physiologique lisse et assainit en douceur les peaux sensibles.<br \/>Charte de Formulation Physiologique :<br \/>&#8211; agents nettoyants s\u00e9lectionn\u00e9s pour une tol\u00e9rance optimale, haut pouvoir d\u00e9maquillant, \u00e0 l&rsquo;eau thermale de La Roche Posay,<br \/>&#8211; pH physiologique, sans savon, sans alcool, sans colorant, sans paraben.<\/p>\n<\/div>","protected":false},"featured_media":27929,"template":"","meta":{"arc_restricted_post":false},"product_cat":[48,331,398],"product_tag":[],"_links":{"self":[{"href":"https:\/\/www.sopha-sahara.com\/en\/wp-json\/wp\/v2\/product\/27752"}],"collection":[{"href":"https:\/\/www.sopha-sahara.com\/en\/wp-json\/wp\/v2\/product"}],"about":[{"href":"https:\/\/www.sopha-sahara.com\/en\/wp-json\/wp\/v2\/types\/product"}],"wp:featuredmedia":[{"embeddable":true,"href":"https:\/\/www.sopha-sahara.com\/en\/wp-json\/wp\/v2\/media\/27929"}],"wp:attachment":[{"href":"https:\/\/www.sopha-sahara.com\/en\/wp-json\/wp\/v2\/media?parent=27752"}],"wp:term":[{"taxonomy":"product_cat","embeddable":true,"href":"https:\/\/www.sopha-sahara.com\/en\/wp-json\/wp\/v2\/product_cat?post=27752"},{"taxonomy":"product_tag","embeddable":true,"href":"https:\/\/www.sopha-sahara.com\/en\/wp-json\/wp\/v2\/product_tag?post=27752"}],"curies":[{"name":"wp","href":"https:\/\/api.w.org\/{rel}","templated":true}]}}