{"id":27751,"date":"2021-01-12T11:02:09","date_gmt":"2021-01-12T10:02:09","guid":{"rendered":"https:\/\/www.interbusinesschamber.com\/produit\/eau-micellaire-ultra\/"},"modified":"2021-01-13T12:03:31","modified_gmt":"2021-01-13T11:03:31","slug":"eau-micellaire-ultra","status":"publish","type":"product","link":"https:\/\/www.sopha-sahara.com\/en\/product\/eau-micellaire-ultra\/","title":{"rendered":"Eau Micellaire Ultra"},"content":{"rendered":"<h4>TEXTURE &amp; APPLICATION<\/h4>\n<div>Appliquer sur le visage, les yeux et les l\u00e8vres \u00e0 l'aide d'un coton. Sans rin\u00e7age.<\/div>","protected":false},"excerpt":{"rendered":"<div id=\"action\" class=\"ctn_desc\">\n<p>D\u00e9maquille en douceur toutes les peaux sensibles.<\/p>\n<\/div>\n<div class=\"ctn_format\">\n<p>Flacon capsule PET Transparent 200 ml et 400 ml<\/p>\n<h4>PROPRI\u00c9T\u00c9S<\/h4>\n<p>Peaux sensibles.<br \/>La Solution Micellaire Physiologique d\u00e9maquille en douceur toutes les peaux sensibles. Non com\u00e9dog\u00e8ne.<br \/>Charte de Formulation Physiologique :<br \/>&#8211; agents nettoyants s\u00e9lectionn\u00e9s pour une tol\u00e9rance optimale, haut pouvoir d\u00e9maquillant, \u00e0 l&rsquo;eau thermale de La Roche Posay,<br \/>&#8211; pH physiologique, sans savon, sans alcool, sans colorant, sans paraben.<\/p>\n<\/div>","protected":false},"featured_media":23169,"template":"","meta":{"arc_restricted_post":false},"product_cat":[48,331,398],"product_tag":[],"_links":{"self":[{"href":"https:\/\/www.sopha-sahara.com\/en\/wp-json\/wp\/v2\/product\/27751"}],"collection":[{"href":"https:\/\/www.sopha-sahara.com\/en\/wp-json\/wp\/v2\/product"}],"about":[{"href":"https:\/\/www.sopha-sahara.com\/en\/wp-json\/wp\/v2\/types\/product"}],"wp:featuredmedia":[{"embeddable":true,"href":"https:\/\/www.sopha-sahara.com\/en\/wp-json\/wp\/v2\/media\/23169"}],"wp:attachment":[{"href":"https:\/\/www.sopha-sahara.com\/en\/wp-json\/wp\/v2\/media?parent=27751"}],"wp:term":[{"taxonomy":"product_cat","embeddable":true,"href":"https:\/\/www.sopha-sahara.com\/en\/wp-json\/wp\/v2\/product_cat?post=27751"},{"taxonomy":"product_tag","embeddable":true,"href":"https:\/\/www.sopha-sahara.com\/en\/wp-json\/wp\/v2\/product_tag?post=27751"}],"curies":[{"name":"wp","href":"https:\/\/api.w.org\/{rel}","templated":true}]}}