{"id":27750,"date":"2021-01-12T11:02:08","date_gmt":"2021-01-12T10:02:08","guid":{"rendered":"https:\/\/www.interbusinesschamber.com\/produit\/silicium-color-care\/"},"modified":"2021-01-13T11:59:37","modified_gmt":"2021-01-13T10:59:37","slug":"silicium-color-care","status":"publish","type":"product","link":"https:\/\/www.sopha-sahara.com\/en\/product\/silicium-color-care\/","title":{"rendered":"Silicium Color Care"},"content":{"rendered":"<h4>TEXTURE &amp; APPLICATION<\/h4>\n<div>Appliquer sur la totalit\u00e9 de l'ongle, de la base vers l'extr\u00eamit\u00e9.<\/div>","protected":false},"excerpt":{"rendered":"<p>Des couleurs intenses \u00e0 la brillance longue-tenue habillant des ongles plus forts. Filtre les UV pour prot\u00e9ger la couleur et faire durer l&rsquo;\u00e9clat.<\/p>\n<p>Flacon 6 ml<\/p>\n<h4>PROPRI\u00c9T\u00c9S<\/h4>\n<p>Ongles fragiles &#8211; pour un r\u00e9sultat maquillage intense et sophistiqu\u00e9.<br \/>Soin fortifiant protecteur enrichi en Mexoryl XL . R\u00e9pare, renforce, prot\u00e8ge l&rsquo;ongle des UV et pr\u00e9vient le jaunissement. Couleur plus \u00e9clatante. Sans formol. Sans tolu\u00e8ne. Sans colophane. Billes m\u00e9langeuse sans nickel. Disponible en 9 teintes.<\/p>","protected":false},"featured_media":23241,"template":"","meta":{"arc_restricted_post":false},"product_cat":[48,331,397],"product_tag":[],"_links":{"self":[{"href":"https:\/\/www.sopha-sahara.com\/en\/wp-json\/wp\/v2\/product\/27750"}],"collection":[{"href":"https:\/\/www.sopha-sahara.com\/en\/wp-json\/wp\/v2\/product"}],"about":[{"href":"https:\/\/www.sopha-sahara.com\/en\/wp-json\/wp\/v2\/types\/product"}],"wp:featuredmedia":[{"embeddable":true,"href":"https:\/\/www.sopha-sahara.com\/en\/wp-json\/wp\/v2\/media\/23241"}],"wp:attachment":[{"href":"https:\/\/www.sopha-sahara.com\/en\/wp-json\/wp\/v2\/media?parent=27750"}],"wp:term":[{"taxonomy":"product_cat","embeddable":true,"href":"https:\/\/www.sopha-sahara.com\/en\/wp-json\/wp\/v2\/product_cat?post=27750"},{"taxonomy":"product_tag","embeddable":true,"href":"https:\/\/www.sopha-sahara.com\/en\/wp-json\/wp\/v2\/product_tag?post=27750"}],"curies":[{"name":"wp","href":"https:\/\/api.w.org\/{rel}","templated":true}]}}