{"id":27749,"date":"2021-01-12T11:02:08","date_gmt":"2021-01-12T10:02:08","guid":{"rendered":"https:\/\/www.interbusinesschamber.com\/produit\/rosaliac-ar-intense\/"},"modified":"2021-01-13T11:58:37","modified_gmt":"2021-01-13T10:58:37","slug":"rosaliac-ar-intense","status":"publish","type":"product","link":"https:\/\/www.sopha-sahara.com\/en\/product\/rosaliac-ar-intense\/","title":{"rendered":"Rosaliac AR intense"},"content":{"rendered":"<div class=\"ctn_col var_efficacy\">\n<h4>EFFICACIT\u00c9<\/h4>\n<p>Efficacit\u00e9 cliniquement prouv\u00e9e \u00e0 1 mois :<\/p>\n<ul>\n<li>rougeurs -21%,<\/li>\n<li>t\u00e9langiectaise -7%<\/li>\n<\/ul>\n<p>Efficacit\u00e9 anti-r\u00e9cidive 1 semaine apr\u00e8s arr\u00eat du traitement :<\/p>\n<ul>\n<li>rougeurs -10% suppl\u00e9mentaire<\/li>\n<\/ul>\n<p>&nbsp;<\/p>\n<\/div>\n<div class=\"ctn_col var_texture\">\n<h4>TEXTURE &amp; APPLICATION<\/h4>\n<div>Appliquer quotidiennement matin et soir sur les zones \u00e0 traiter. Pour une efficacit\u00e9 optimale.<\/div>\n<\/div>","protected":false},"excerpt":{"rendered":"<div id=\"action\" class=\"ctn_desc\">\n<p>Peaux sensibles et fragilis\u00e9es \u00e0 tendance couperosique<\/p>\n<\/div>\n<div class=\"ctn_format\">\n<p>40 ml\u00a0\u00a0<br \/>Formule minimaliste dans un pack ultra herm\u00e9tique.<\/p>\n<ul>\n<li>3 valves anti-contamination.<\/li>\n<li>Poche r\u00e9tractable pour une restitution optimale et sans r\u00e9sidu.<\/li>\n<\/ul>\n<p>Sans conservateurs, sans paraben, sans parfum, sans alcool, sans colorants, sans lanoline.<\/p><\/div>\n<div>\n<h4>PROPRI\u00c9T\u00c9S<\/h4>\n<p>R\u00e9sorbe les rougeurs localis\u00e9es et pr\u00e9vient leur r\u00e9apparition &amp; efficacit\u00e9 anti-r\u00e9cidive.<br \/>Un concentr\u00e9 intensif qui associe 3 actifs pour r\u00e9sorber les rougeurs \u00e0 la source et pr\u00e9venir leur r\u00e9apparition.<br \/>INNOVATION Amboph\u00e9nol : puissant extrait naturel riche en polyph\u00e9nols pour diminuer la taille des vaisseaux sanguins et fortifier leurs parois.<br \/>Neurosensine, actif apaisant pour diminuer la r\u00e9activit\u00e9 cutan\u00e9e.<br \/>Eau Thermale de La Roche-Posay anti-irritante et d\u00e9congestionnante.<br \/>Nouvelle g\u00e9n\u00e9ration de packaging ultra-herm\u00e9tique pour une formulation ultra-\u00e9pur\u00e9e : sans conservateur, sans paraben, sans alcool, sans parfum, sans colorant.<\/p>\n<\/div>","protected":false},"featured_media":27928,"template":"","meta":{"arc_restricted_post":false},"product_cat":[48,331,396],"product_tag":[],"_links":{"self":[{"href":"https:\/\/www.sopha-sahara.com\/en\/wp-json\/wp\/v2\/product\/27749"}],"collection":[{"href":"https:\/\/www.sopha-sahara.com\/en\/wp-json\/wp\/v2\/product"}],"about":[{"href":"https:\/\/www.sopha-sahara.com\/en\/wp-json\/wp\/v2\/types\/product"}],"wp:featuredmedia":[{"embeddable":true,"href":"https:\/\/www.sopha-sahara.com\/en\/wp-json\/wp\/v2\/media\/27928"}],"wp:attachment":[{"href":"https:\/\/www.sopha-sahara.com\/en\/wp-json\/wp\/v2\/media?parent=27749"}],"wp:term":[{"taxonomy":"product_cat","embeddable":true,"href":"https:\/\/www.sopha-sahara.com\/en\/wp-json\/wp\/v2\/product_cat?post=27749"},{"taxonomy":"product_tag","embeddable":true,"href":"https:\/\/www.sopha-sahara.com\/en\/wp-json\/wp\/v2\/product_tag?post=27749"}],"curies":[{"name":"wp","href":"https:\/\/api.w.org\/{rel}","templated":true}]}}