{"id":27748,"date":"2021-01-12T11:02:04","date_gmt":"2021-01-12T10:02:04","guid":{"rendered":"https:\/\/www.interbusinesschamber.com\/produit\/redermic-c10\/"},"modified":"2021-01-13T11:54:36","modified_gmt":"2021-01-13T10:54:36","slug":"redermic-c10","status":"publish","type":"product","link":"https:\/\/www.sopha-sahara.com\/en\/product\/redermic-c10\/","title":{"rendered":"Redermic C10"},"content":{"rendered":"<h4>TEXTURE &amp; APPLICATION<\/h4>\n<div>Appliquer matin ou soir sur le visage ou cou. Son absorbation rapide permet une utilisation seule ou en compl\u00e9ment de votre soin de peau r\u00e9gulier.<br \/>Eviter le contour des yeux.<\/div>","protected":false},"excerpt":{"rendered":"<div id=\"action\" class=\"ctn_desc\">\n<p>D\u00e8s la premi\u00e8re semaine, les rides sont r\u00e9duites. La peau est plus ferme et repulp\u00e9e.\u00a0 Le teint plus uniforme et lumineux.<\/p>\n<\/div>\n<div class=\"ctn_format\">\n<p>Tube 30 ml<\/p>\n<h4>PROPRI\u00c9T\u00c9S<\/h4>\n<p>Rides.<br \/>Manque de luminosit\u00e9.<br \/>REDERMIC C10 combine 10% de vitamin c pure dans sa formule la plus efficace et assimilable, avec l\u2019acide hyaluronique et de la vitamine E pour un hydratation et un effet repulpant visible.<\/p>\n<\/div>","protected":false},"featured_media":27927,"template":"","meta":{"arc_restricted_post":false},"product_cat":[48,331,395],"product_tag":[],"_links":{"self":[{"href":"https:\/\/www.sopha-sahara.com\/en\/wp-json\/wp\/v2\/product\/27748"}],"collection":[{"href":"https:\/\/www.sopha-sahara.com\/en\/wp-json\/wp\/v2\/product"}],"about":[{"href":"https:\/\/www.sopha-sahara.com\/en\/wp-json\/wp\/v2\/types\/product"}],"wp:featuredmedia":[{"embeddable":true,"href":"https:\/\/www.sopha-sahara.com\/en\/wp-json\/wp\/v2\/media\/27927"}],"wp:attachment":[{"href":"https:\/\/www.sopha-sahara.com\/en\/wp-json\/wp\/v2\/media?parent=27748"}],"wp:term":[{"taxonomy":"product_cat","embeddable":true,"href":"https:\/\/www.sopha-sahara.com\/en\/wp-json\/wp\/v2\/product_cat?post=27748"},{"taxonomy":"product_tag","embeddable":true,"href":"https:\/\/www.sopha-sahara.com\/en\/wp-json\/wp\/v2\/product_tag?post=27748"}],"curies":[{"name":"wp","href":"https:\/\/api.w.org\/{rel}","templated":true}]}}