{"id":27747,"date":"2021-01-12T11:02:04","date_gmt":"2021-01-12T10:02:04","guid":{"rendered":"https:\/\/www.interbusinesschamber.com\/produit\/redermic-c-peaux-seches\/"},"modified":"2021-01-13T11:52:31","modified_gmt":"2021-01-13T10:52:31","slug":"redermic-c-peaux-seches","status":"publish","type":"product","link":"https:\/\/www.sopha-sahara.com\/en\/product\/redermic-c-peaux-seches\/","title":{"rendered":"REDERMIC C Peaux S\u00e8ches"},"content":{"rendered":"<h4>TEXTURE &amp; APPLICATION<\/h4>\n<div>Matin et\/ou soir sur le visage et cou.<\/div>","protected":false},"excerpt":{"rendered":"<div id=\"action\" class=\"ctn_desc\">\n<p>Corrige les rides m\u00eame profondes. Raffermit la peau. Uniformise le teint et att\u00e9nue les rougeurs. Repulpe la peau imm\u00e9diatement.<\/p>\n<\/div>\n<div class=\"ctn_format\">\n<p>Tube 40ml<\/p>\n<h4>PROPRI\u00c9T\u00c9S<\/h4>\n<p>Rides profondes, perte de fermet\u00e9 et perte d&rsquo;uniformit\u00e9 du teint. Peaux sensibles.<br \/>Expertise dermatologique: Les peaux sensibles se caract\u00e9risent par une tendance aux rougeurs plus marqu\u00e9e. Dans le vieillissement, celles-ci viennent accentuer l&rsquo;alt\u00e9ration de l&rsquo;uniformit\u00e9 du teint et s&rsquo;ajouter aux rides et au manque de fermet\u00e9.\u00a0\u00a0\u00a0\u00a0\u00a0\u00a0\u00a0\u00a0\u00a0\u00a0\u00a0\u00a0\u00a0\u00a0\u00a0\u00a0\u00a0\u00a0\u00a0\u00a0\u00a0\u00a0\u00a0\u00a0\u00a0\u00a0\u00a0\u00a0\u00a0\u00a0\u00a0\u00a0\u00a0\u00a0\u00a0\u00a0\u00a0<br \/>Forts de cette expertise, les laboratoires La Roche-Posay ont d\u00e9velopp\u00e9 une formule destin\u00e9e aux peaux sensibles concentr\u00e9e en Vitamine C, r\u00e9f\u00e9rence reconnue en anti-\u00e2ge pour son efficacit\u00e9 sur l\u2019uniformit\u00e9 du teint, elle stimule la production de collag\u00e8ne pour combler les rides de l\u2019int\u00e9rieur et renforcer le matelas dermique.<br \/>Son action intensive est compl\u00e9t\u00e9e par 2 actifs :<br \/>&#8211; Le Mannose, sucre densifiant pour optimiser l\u2019interaction de la lumi\u00e8re avec la peau et flouter les irr\u00e9gularit\u00e9s d\u00e8s l\u2019application.<br \/>&#8211; L\u2019Acide hyaluronique fragment\u00e9 pour lisser imm\u00e9diatement la peau.<br \/>Dans cette formule se retrouvent le Mad\u00e9cassoside r\u00e9parateur et la Neurosensine, peptide anti-stress micro-inflammatoire.\u00a0\u00a0\u00a0\u00a0\u00a0\u00a0\u00a0\u00a0\u00a0\u00a0\u00a0\u00a0\u00a0\u00a0\u00a0\u00a0\u00a0\u00a0\u00a0\u00a0\u00a0\u00a0\u00a0\u00a0\u00a0\u00a0\u00a0\u00a0\u00a0\u00a0\u00a0\u00a0\u00a0\u00a0\u00a0\u00a0\u00a0\u00a0\u00a0\u00a0\u00a0\u00a0\u00a0\u00a0\u00a0\u00a0\u00a0\u00a0\u00a0\u00a0\u00a0\u00a0\u00a0\u00a0\u00a0\u00a0\u00a0\u00a0\u00a0\u00a0\u00a0\u00a0\u00a0\u00a0\u00a0\u00a0\u00a0\u00a0\u00a0\u00a0\u00a0\u00a0\u00a0\u00a0\u00a0\u00a0\u00a0\u00a0\u00a0\u00a0\u00a0\u00a0\u00a0\u00a0\u00a0\u00a0\u00a0\u00a0\u00a0\u00a0\u00a0\u00a0\u00a0\u00a0 Nouveau : Une texture repulpante, ultra-onctueuse et enveloppante qui laisse un fini soyeux et un toucher non gras.<\/p>\n<\/div>","protected":false},"featured_media":23237,"template":"","meta":{"arc_restricted_post":false},"product_cat":[48,331,395],"product_tag":[],"_links":{"self":[{"href":"https:\/\/www.sopha-sahara.com\/en\/wp-json\/wp\/v2\/product\/27747"}],"collection":[{"href":"https:\/\/www.sopha-sahara.com\/en\/wp-json\/wp\/v2\/product"}],"about":[{"href":"https:\/\/www.sopha-sahara.com\/en\/wp-json\/wp\/v2\/types\/product"}],"wp:featuredmedia":[{"embeddable":true,"href":"https:\/\/www.sopha-sahara.com\/en\/wp-json\/wp\/v2\/media\/23237"}],"wp:attachment":[{"href":"https:\/\/www.sopha-sahara.com\/en\/wp-json\/wp\/v2\/media?parent=27747"}],"wp:term":[{"taxonomy":"product_cat","embeddable":true,"href":"https:\/\/www.sopha-sahara.com\/en\/wp-json\/wp\/v2\/product_cat?post=27747"},{"taxonomy":"product_tag","embeddable":true,"href":"https:\/\/www.sopha-sahara.com\/en\/wp-json\/wp\/v2\/product_tag?post=27747"}],"curies":[{"name":"wp","href":"https:\/\/api.w.org\/{rel}","templated":true}]}}