{"id":27745,"date":"2021-01-12T11:02:04","date_gmt":"2021-01-12T10:02:04","guid":{"rendered":"https:\/\/www.interbusinesschamber.com\/produit\/redermic-c-peaux-normales-a-mixtes\/"},"modified":"2021-01-13T11:53:36","modified_gmt":"2021-01-13T10:53:36","slug":"redermic-c-peaux-normales-a-mixtes","status":"publish","type":"product","link":"https:\/\/www.sopha-sahara.com\/en\/product\/redermic-c-peaux-normales-a-mixtes\/","title":{"rendered":"REDERMIC C Peaux Normales \u00e0 Mixtes"},"content":{"rendered":"<h4>TEXTURE &amp; APPLICATION<\/h4>\n<div>Matin et\/ou soir sur le visage et cou.<\/div>","protected":false},"excerpt":{"rendered":"<div id=\"action\" class=\"ctn_desc\">\n<p>Raffermit la peau. Corrige les rides m\u00eame profondes. Uniformise le teint et att\u00e9nue les rougeurs des peaux sensibles. Repulpe la peau.<\/p>\n<\/div>\n<div class=\"ctn_format\">\n<p>40ml tube<\/p>\n<h5>PROPRI\u00c9T\u00c9S<\/h5>\n<p>Perte de fermet\u00e9. Rides profondes. Perte d&rsquo;uniformit\u00e9 du teint. Peaux sensibles.<br \/>Expertise dermatologique : Les peaux sensibles se caract\u00e9risent par une tendance aux rougeurs plus marqu\u00e9e. Dans le vieillissement, celles-ci viennent accentuer l\u2019alt\u00e9ration de l\u2019uniformit\u00e9 du teint et s\u2019ajouter aux rides et au manque de fermet\u00e9.<br \/>Forts de cette expertise, les laboratoires La Roche-Posay ont d\u00e9velopp\u00e9 une formule destin\u00e9e aux peaux sensibles concentr\u00e9e en Vitamine C, r\u00e9f\u00e9rence reconnue en anti-\u00e2ge pour son efficacit\u00e9 sur l\u2019uniformit\u00e9 du teint, elle stimule la production de collag\u00e8ne pour combler les rides de l\u2019int\u00e9rieur et renforcer le matelas dermique.<br \/>Son action intensive est compl\u00e9t\u00e9e par 2 actifs:<br \/>&#8211; L\u2019Acide hyaluronique fragment\u00e9 pour lisser imm\u00e9diatement la peau.<br \/>&#8211; Le Mannose, sucre r\u00e9g\u00e9n\u00e9rant pour optimiser l\u2019interaction de la lumi\u00e8re avec la peau et flouter les irr\u00e9gularit\u00e9s d\u00e8s l\u2019application.<br \/>Dans cette formule se retrouvent le Mad\u00e9cassoside r\u00e9parateur etla Neurosensine (peptide apaisant).<br \/>Nouveau : Une texture repulpante, fra\u00eeche et l\u00e9g\u00e8re qui laisse un fini velout\u00e9 et un toucher non gras.<\/p>\n<\/div>","protected":false},"featured_media":23217,"template":"","meta":{"arc_restricted_post":false},"product_cat":[48,331,395],"product_tag":[],"_links":{"self":[{"href":"https:\/\/www.sopha-sahara.com\/en\/wp-json\/wp\/v2\/product\/27745"}],"collection":[{"href":"https:\/\/www.sopha-sahara.com\/en\/wp-json\/wp\/v2\/product"}],"about":[{"href":"https:\/\/www.sopha-sahara.com\/en\/wp-json\/wp\/v2\/types\/product"}],"wp:featuredmedia":[{"embeddable":true,"href":"https:\/\/www.sopha-sahara.com\/en\/wp-json\/wp\/v2\/media\/23217"}],"wp:attachment":[{"href":"https:\/\/www.sopha-sahara.com\/en\/wp-json\/wp\/v2\/media?parent=27745"}],"wp:term":[{"taxonomy":"product_cat","embeddable":true,"href":"https:\/\/www.sopha-sahara.com\/en\/wp-json\/wp\/v2\/product_cat?post=27745"},{"taxonomy":"product_tag","embeddable":true,"href":"https:\/\/www.sopha-sahara.com\/en\/wp-json\/wp\/v2\/product_tag?post=27745"}],"curies":[{"name":"wp","href":"https:\/\/api.w.org\/{rel}","templated":true}]}}