{"id":27744,"date":"2021-01-12T11:02:04","date_gmt":"2021-01-12T10:02:04","guid":{"rendered":"https:\/\/www.interbusinesschamber.com\/produit\/redermic-r\/"},"modified":"2021-01-13T11:51:05","modified_gmt":"2021-01-13T10:51:05","slug":"redermic-r","status":"publish","type":"product","link":"https:\/\/www.sopha-sahara.com\/en\/product\/redermic-r\/","title":{"rendered":"Redermic R"},"content":{"rendered":"<h4>TEXTURE &amp; APPLICATION<\/h4>\n<div>Appliquer le matin et\/ou le soir sur le visage et le cou.<\/div>","protected":false},"excerpt":{"rendered":"<div id=\"action\" class=\"ctn_desc\">\n<p>R\u00e9duit cliniquement\u00a0les rides, les taches et irr\u00e9gularit\u00e9s du teint.<\/p>\n<\/div>\n<div class=\"ctn_format\">\n<p>30ml tube<\/p>\n<h4>PROPRI\u00c9T\u00c9S<\/h4>\n<p>Rides accentu\u00e9es, teint irr\u00e9gulier et taches pr\u00e9coces. Peaux sensibles.<br \/>Un complexe exclusif associant du r\u00e9tinol pur et du R\u00e9tinol \u00e0 Lib\u00e9ration Progressive pour d\u00e9livrer une dose optimale plus graduellement.<br \/>L\u2019efficacit\u00e9 correctrice anti-\u00e2ge est ainsi assur\u00e9e tout en respectant le seuil de tol\u00e9rance de la peau.<\/p>\n<\/div>","protected":false},"featured_media":23219,"template":"","meta":{"arc_restricted_post":false},"product_cat":[48,331,395],"product_tag":[],"_links":{"self":[{"href":"https:\/\/www.sopha-sahara.com\/en\/wp-json\/wp\/v2\/product\/27744"}],"collection":[{"href":"https:\/\/www.sopha-sahara.com\/en\/wp-json\/wp\/v2\/product"}],"about":[{"href":"https:\/\/www.sopha-sahara.com\/en\/wp-json\/wp\/v2\/types\/product"}],"wp:featuredmedia":[{"embeddable":true,"href":"https:\/\/www.sopha-sahara.com\/en\/wp-json\/wp\/v2\/media\/23219"}],"wp:attachment":[{"href":"https:\/\/www.sopha-sahara.com\/en\/wp-json\/wp\/v2\/media?parent=27744"}],"wp:term":[{"taxonomy":"product_cat","embeddable":true,"href":"https:\/\/www.sopha-sahara.com\/en\/wp-json\/wp\/v2\/product_cat?post=27744"},{"taxonomy":"product_tag","embeddable":true,"href":"https:\/\/www.sopha-sahara.com\/en\/wp-json\/wp\/v2\/product_tag?post=27744"}],"curies":[{"name":"wp","href":"https:\/\/api.w.org\/{rel}","templated":true}]}}