{"id":27743,"date":"2021-01-12T11:02:03","date_gmt":"2021-01-12T10:02:03","guid":{"rendered":"https:\/\/www.interbusinesschamber.com\/produit\/pigmentclar-uv-spf-30\/"},"modified":"2021-01-13T11:48:12","modified_gmt":"2021-01-13T10:48:12","slug":"pigmentclar-uv-spf-30","status":"publish","type":"product","link":"https:\/\/www.sopha-sahara.com\/en\/product\/pigmentclar-uv-spf-30\/","title":{"rendered":"Pigmentclar UV SPF 30"},"content":{"rendered":"<div class=\"ctn_col var_efficacy\">\n<h4>EFFICACIT\u00c9<\/h4>\n<p>Imm\u00e9diatement, le teint est plus lumineux.<br \/>La peau est prot\u00e9g\u00e9e pour une plus grande r\u00e9sistance aux taches et au teint gris.<br \/>D\u00e8s 4 semaines, les taches sont diminu\u00e9es significativement* (-26,2%) pour une peau durablement plus uniforme.<br \/>*Mesures instrumentales sur 40 personnes<\/p>\n<\/div>\n<div class=\"ctn_col var_texture\">\n<h4>TEXTURE &amp; APPLICATION<\/h4>\n<div>Appliquer chaque matin sur le visage, le d\u00e9collet\u00e9 ou le dos des mains. Eviter le contour des yeux.<\/div>\n<\/div>","protected":false},"excerpt":{"rendered":"<div id=\"action\" class=\"ctn_desc\">\n<p>La pollution et les UVA quotidiens sont responsables du stress oxydant dans la peau et peuvent entra\u00eener l&rsquo;apparition des taches et le grisaillement du teint.<\/p>\n<\/div>\n<div class=\"ctn_format\">\n<p>Tube 40 ml<\/p>\n<h4>PROPRI\u00c9T\u00c9S<\/h4>\n<p>Taches brunes, irr\u00e9gularit\u00e9s du teint.<br \/>Innovation : Ce soin correcteur r\u00e9uniformisant associe le puissant complexe anti-taches PIGMENTCLAR au PhE-Resorcinol et la 1\u00e8re PROTECTION RENFORCEE DE LA ROCHE-POSAY:<br \/><strong>&#8211; ANTI-POLLUTION<\/strong>\u00a0gr\u00e2ce \u00e0 une texture qui limite l&rsquo;adh\u00e9sion des particules polluantes.<br \/><strong>&#8211; ANTI-UVA LONGS<\/strong>\u00a0gr\u00e2ce \u00e0 un syst\u00e8me filtrant innovant UVB SPF30 &#8211; UVA PPD15.<br \/><strong>&#8211; ANTI-OXYDANT<\/strong>\u00a0gr\u00e2ce \u00e0 l&rsquo;association [Gingko + acide f\u00e9rulique]<\/p>\n<\/div>\n","protected":false},"featured_media":23215,"template":"","meta":{"arc_restricted_post":false},"product_cat":[48,331,394],"product_tag":[],"_links":{"self":[{"href":"https:\/\/www.sopha-sahara.com\/en\/wp-json\/wp\/v2\/product\/27743"}],"collection":[{"href":"https:\/\/www.sopha-sahara.com\/en\/wp-json\/wp\/v2\/product"}],"about":[{"href":"https:\/\/www.sopha-sahara.com\/en\/wp-json\/wp\/v2\/types\/product"}],"wp:featuredmedia":[{"embeddable":true,"href":"https:\/\/www.sopha-sahara.com\/en\/wp-json\/wp\/v2\/media\/23215"}],"wp:attachment":[{"href":"https:\/\/www.sopha-sahara.com\/en\/wp-json\/wp\/v2\/media?parent=27743"}],"wp:term":[{"taxonomy":"product_cat","embeddable":true,"href":"https:\/\/www.sopha-sahara.com\/en\/wp-json\/wp\/v2\/product_cat?post=27743"},{"taxonomy":"product_tag","embeddable":true,"href":"https:\/\/www.sopha-sahara.com\/en\/wp-json\/wp\/v2\/product_tag?post=27743"}],"curies":[{"name":"wp","href":"https:\/\/api.w.org\/{rel}","templated":true}]}}