{"id":27742,"date":"2021-01-12T11:02:03","date_gmt":"2021-01-12T10:02:03","guid":{"rendered":"https:\/\/www.interbusinesschamber.com\/produit\/pigmentclar-yeux\/"},"modified":"2021-01-13T11:48:24","modified_gmt":"2021-01-13T10:48:24","slug":"pigmentclar-yeux","status":"publish","type":"product","link":"https:\/\/www.sopha-sahara.com\/en\/product\/pigmentclar-yeux\/","title":{"rendered":"Pigmentclar Yeux"},"content":{"rendered":"<div class=\"ctn_col var_efficacy\">\n<h4>EFFICACIT\u00c9<\/h4>\n<p><strong>R\u00e9sultats cliniquement prouv\u00e9s*:<br \/><\/strong><\/p>\n<ul>\n<li>-23,5\u00a0<strong>%<\/strong><\/li>\n<li>Cernes bleus<\/li>\n<\/ul>\n<p><\/p>\n<ul>\n<li>-16,8\u00a0<strong>%<\/strong><\/li>\n<li>Cernes bruns<\/li>\n<\/ul>\n<p><\/p>\n<ul>\n<li>+14,8\u00a0<strong>%<\/strong><\/li>\n<li>Uniformit\u00e9 de la zone<br \/>du regard<\/li>\n<\/ul>\n<p><\/p>\n<ul>\n<li>+10,2\u00a0<strong>%<\/strong><\/li>\n<li>Luminosit\u00e9 de la zone<br \/>du regard<\/li>\n<\/ul>\n<p><em>* Etudes cosmeto-cliniques sur 42 sujets.<br \/><\/em><\/p>\n<p>&nbsp;<\/p>\n<\/div>\n<div class=\"ctn_col var_texture\">\n<h4>TEXTURE &amp; APPLICATION<\/h4>\n<div>Appliquer matin et soir, sur le contour de l'oeil.<\/div>\n<\/div>","protected":false},"excerpt":{"rendered":"<div id=\"action\" class=\"ctn_desc\">\n<p>Corrige les cernes bleus et bruns. Illumine et r\u00e9uniformise le contour de l&rsquo;\u0153il.<\/p>\n<\/div>\n<div class=\"ctn_format\">\n<p>Tube 15ml<\/p>\n<h4>PROPRI\u00c9T\u00c9S<\/h4>\n<p>Cernes bleus &amp; bruns. Zone du regard terne.<br \/>Innovation PIGMENTCLAR YEUX, concentr\u00e9 en\u00a0<strong>[PhE-R\u00e9sorcinol + Caf\u00e9ine]<\/strong>\u00a0r\u00e9duit significativement l\u2019apparence des cernes bleus dus \u00e0 une mauvaise circulation et des cernes bruns li\u00e9s \u00e0 une surproduction de m\u00e9lanine.<br \/>Sa texture enrichie en pigments r\u00e9flecteurs lumi\u00e8re, associ\u00e9e \u00e0 un applicateur m\u00e9tal rafraichissant, illumine le regard.<\/p>\n<\/div>\n","protected":false},"featured_media":23145,"template":"","meta":{"arc_restricted_post":false},"product_cat":[48,331,394],"product_tag":[],"_links":{"self":[{"href":"https:\/\/www.sopha-sahara.com\/en\/wp-json\/wp\/v2\/product\/27742"}],"collection":[{"href":"https:\/\/www.sopha-sahara.com\/en\/wp-json\/wp\/v2\/product"}],"about":[{"href":"https:\/\/www.sopha-sahara.com\/en\/wp-json\/wp\/v2\/types\/product"}],"wp:featuredmedia":[{"embeddable":true,"href":"https:\/\/www.sopha-sahara.com\/en\/wp-json\/wp\/v2\/media\/23145"}],"wp:attachment":[{"href":"https:\/\/www.sopha-sahara.com\/en\/wp-json\/wp\/v2\/media?parent=27742"}],"wp:term":[{"taxonomy":"product_cat","embeddable":true,"href":"https:\/\/www.sopha-sahara.com\/en\/wp-json\/wp\/v2\/product_cat?post=27742"},{"taxonomy":"product_tag","embeddable":true,"href":"https:\/\/www.sopha-sahara.com\/en\/wp-json\/wp\/v2\/product_tag?post=27742"}],"curies":[{"name":"wp","href":"https:\/\/api.w.org\/{rel}","templated":true}]}}