{"id":27741,"date":"2021-01-12T11:02:03","date_gmt":"2021-01-12T10:02:03","guid":{"rendered":"https:\/\/www.interbusinesschamber.com\/produit\/pigmentclar-serum-anti-taches\/"},"modified":"2021-01-13T11:48:56","modified_gmt":"2021-01-13T10:48:56","slug":"pigmentclar-serum-anti-taches","status":"publish","type":"product","link":"https:\/\/www.sopha-sahara.com\/en\/product\/pigmentclar-serum-anti-taches\/","title":{"rendered":"Pigmentclar Serum : anti-taches"},"content":{"rendered":"<div class=\"ctn_col var_efficacy\">\n<h4>EFFICACIT\u00c9<\/h4>\n<p><strong>\u00c0 L'APPLICATION*<\/p>\n<p><\/strong><\/p>\n<ul>\n<li>76\u00a0<strong>%<\/strong><\/li>\n<li>des femmes ont un teint<br \/>plus frais<\/li>\n<\/ul>\n<ul>\n<li>71\u00a0<strong>%<\/strong><\/li>\n<li>ont un teint<br \/>plus ravivi\u00e9<\/li>\n<\/ul>\n<p><strong><br \/>D\u00c8S 2 SEMAINES*<\/strong><\/p>\n<ul>\n<li>82\u00a0<strong>%<\/strong><\/li>\n<li>des femmes trouvent<br \/>leur peau plus lumineuse<\/li>\n<\/ul>\n<ul>\n<li>80\u00a0<strong>%<\/strong><\/li>\n<li>trouvent leur peau<br \/>plus uniforme<\/li>\n<\/ul>\n<p><em>* Etudes cosmeto-cliniques sur 51 sujets.<\/em><\/div>\n<div class=\"ctn_col var_texture\">\n<h4>TEXTURE &amp; APPLICATION<\/h4>\n<div>Appliquer sur l\u2019ensemble du visage et du d\u00e9collet\u00e9 le matin ou le soir.<br \/>Utiliser une protection solaire durant la journ\u00e9e (SPF15 minimum). \u00a0<br \/>Eviter le contour des yeux.<br \/>Tol\u00e9rance test\u00e9e sous contr\u00f4le dermatologique sur peaux sensibles. Sans paraben.<\/div>\n<\/div>","protected":false},"excerpt":{"rendered":"<div id=\"action\" class=\"ctn_desc\">\n<p>Tache, teint terne: la nouvelle correction dermatologique \u00e0 l&rsquo;efficacit\u00e9 prolong\u00e9e*.<\/p>\n<p><em>* Efficacit\u00e9 du s\u00e9rum maintenue jusqu\u2019\u00e0 3 semaines apr\u00e8s arr\u00eat de son utilisation (pendant 12 semaines) &#8211; \u00c9tude cosm\u00e9toclinique sur 30 sujets.<\/em><\/p>\n<\/div>\n<div class=\"ctn_format\">\n<p>Flacon 30ml<\/p>\n<h4>PROPRI\u00c9T\u00c9S<\/h4>\n<p>Taches brunes, d\u00e9fauts pigmentaires. Teint terne et irr\u00e9gulier.<br \/><strong>INNOVATION PIGMENTCLAR:<\/strong>\u00a0Ce s\u00e9rum anti-taches \u00e0 efficacit\u00e9 prolong\u00e9e* offre une approche correctrice globale pour un teint visiblement plus unifi\u00e9 et un r\u00e9sultat qui se maintient dans le temps.<\/p>\n<p>Hautement concentr\u00e9 en\u00a0<strong>[LHA]<\/strong>, il offre une exfoliation douce et une unification rapide du teint.<br \/>Avec son complexe anti-taches puissant\u00a0<strong>[PhE-R\u00e9sorcinol + Ginkgo + Acide Ferulique]<\/strong>, il r\u00e9duit significativement les taches et les d\u00e9fauts pigmentaires.<\/p>\n<p>Texture fluide, l\u00e9g\u00e8re et hydratante.<\/p>\n<\/div>\n","protected":false},"featured_media":23144,"template":"","meta":{"arc_restricted_post":false},"product_cat":[48,331,394],"product_tag":[],"_links":{"self":[{"href":"https:\/\/www.sopha-sahara.com\/en\/wp-json\/wp\/v2\/product\/27741"}],"collection":[{"href":"https:\/\/www.sopha-sahara.com\/en\/wp-json\/wp\/v2\/product"}],"about":[{"href":"https:\/\/www.sopha-sahara.com\/en\/wp-json\/wp\/v2\/types\/product"}],"wp:featuredmedia":[{"embeddable":true,"href":"https:\/\/www.sopha-sahara.com\/en\/wp-json\/wp\/v2\/media\/23144"}],"wp:attachment":[{"href":"https:\/\/www.sopha-sahara.com\/en\/wp-json\/wp\/v2\/media?parent=27741"}],"wp:term":[{"taxonomy":"product_cat","embeddable":true,"href":"https:\/\/www.sopha-sahara.com\/en\/wp-json\/wp\/v2\/product_cat?post=27741"},{"taxonomy":"product_tag","embeddable":true,"href":"https:\/\/www.sopha-sahara.com\/en\/wp-json\/wp\/v2\/product_tag?post=27741"}],"curies":[{"name":"wp","href":"https:\/\/api.w.org\/{rel}","templated":true}]}}