{"id":27740,"date":"2021-01-12T11:02:03","date_gmt":"2021-01-12T10:02:03","guid":{"rendered":"https:\/\/www.interbusinesschamber.com\/produit\/nutritic-levres\/"},"modified":"2021-01-13T11:44:46","modified_gmt":"2021-01-13T10:44:46","slug":"nutritic-levres","status":"publish","type":"product","link":"https:\/\/www.sopha-sahara.com\/en\/product\/nutritic-levres\/","title":{"rendered":"Nutritic L\u00e8vres"},"content":{"rendered":"<div class=\"ctn_col var_efficacy\">\n<h4>EFFICACIT\u00c9<\/h4>\n<p>94% de confort retrouv\u00e9<br \/>87% de protection contre les agressions climatiques<br \/>80% de l\u00e8vres repulp\u00e9es<br \/>92% de lissage en surface<br \/>* Etude clinique, auto-\u00e9valuations sur 50 sujets<\/p>\n<\/div>\n<div class=\"ctn_col var_texture\">\n<h4>TEXTURE &amp; APPLICATION<\/h4>\n<div>Renouveller l'application aussi souvent que n\u00e9cessaire.<\/div>\n<\/div>","protected":false},"excerpt":{"rendered":"<div id=\"action\" class=\"ctn_desc\">\n<p>Transforme les 4 signes des l\u00e8vres s\u00e8ches et sensibles : picotements fragilit\u00e9, finesse, ger\u00e7ures<\/p>\n<\/div>\n<div class=\"ctn_format\">\n<p>Stick 4,7 ml sans \u00e9tui<\/p>\n<h4>PROPRI\u00c9T\u00c9S<\/h4>\n<p>L\u00e8vres s\u00e8ches et sensibles.Transforme les 4 signes des l\u00e8vres s\u00e8ches et sensibles : picotements fragilit\u00e9, finesse, ger\u00e7ures<br \/>Texture BAUME en STICK SURFIN non gras pour impr\u00e9gner imm\u00e9diatement la peau. BIOLIPIDES + CERAMIDES 5 pour pallier la carence en c\u00e9ramides totaux et reconstituer durablement la barri\u00e8re cutan\u00e9e .<\/p>\n<\/div>","protected":false},"featured_media":23214,"template":"","meta":{"arc_restricted_post":false},"product_cat":[48,331,393],"product_tag":[],"_links":{"self":[{"href":"https:\/\/www.sopha-sahara.com\/en\/wp-json\/wp\/v2\/product\/27740"}],"collection":[{"href":"https:\/\/www.sopha-sahara.com\/en\/wp-json\/wp\/v2\/product"}],"about":[{"href":"https:\/\/www.sopha-sahara.com\/en\/wp-json\/wp\/v2\/types\/product"}],"wp:featuredmedia":[{"embeddable":true,"href":"https:\/\/www.sopha-sahara.com\/en\/wp-json\/wp\/v2\/media\/23214"}],"wp:attachment":[{"href":"https:\/\/www.sopha-sahara.com\/en\/wp-json\/wp\/v2\/media?parent=27740"}],"wp:term":[{"taxonomy":"product_cat","embeddable":true,"href":"https:\/\/www.sopha-sahara.com\/en\/wp-json\/wp\/v2\/product_cat?post=27740"},{"taxonomy":"product_tag","embeddable":true,"href":"https:\/\/www.sopha-sahara.com\/en\/wp-json\/wp\/v2\/product_tag?post=27740"}],"curies":[{"name":"wp","href":"https:\/\/api.w.org\/{rel}","templated":true}]}}