{"id":27739,"date":"2021-01-12T11:02:03","date_gmt":"2021-01-12T10:02:03","guid":{"rendered":"https:\/\/www.interbusinesschamber.com\/produit\/nutritic-intense-creme\/"},"modified":"2021-01-13T11:45:51","modified_gmt":"2021-01-13T10:45:51","slug":"nutritic-intense-creme","status":"publish","type":"product","link":"https:\/\/www.sopha-sahara.com\/en\/product\/nutritic-intense-creme\/","title":{"rendered":"Nutritic Intense : cr\u00e8me"},"content":{"rendered":"<div class=\"ctn_col var_efficacy\">\n<h4>EFFICACIT\u00c9<\/h4>\n<p>Efficacit\u00e9 cliniquement prouv\u00e9e : -55% de s\u00e9cheresse cutan\u00e9e*<br \/>Pour changer la vie des peaux sensibles:<br \/>D\u00e8s la 1\u00e8re application**,<br \/>&gt; Soulage et apaise : 83% des utilisatrices<br \/>&gt; Laisse la peau confortable : 98% des utilisatrices<br \/>Apr\u00e8s 28 jours d\u2019utilisation**,<br \/>&gt; La peau est bien hydrat\u00e9e : 70% des utilisatrices<br \/>&gt; La peau retrouve sa souplesse : 72% des utilisatrices<\/p>\n<p>*Scorage clinique de la s\u00e9cheresse cutan\u00e9e - dermascore \u00e0 j0 et j28, 42 femmes<br \/>**Auto-\u00e9valuation par 47 femmes, \u00e0 J0 et J28.<\/p>\n<\/div>\n<div class=\"ctn_col var_texture\">\n<h4>TEXTURE &amp; APPLICATION<\/h4>\n<div>Matin et\/ou soir sur l\u2019ensemble du visage.<\/div>\n<\/div>","protected":false},"excerpt":{"rendered":"<div id=\"action\" class=\"ctn_desc\">\n<p>R\u00e9confort, souplesse, apaisement<br \/>Soulage le ressenti douloureux des peaux s\u00e8ches \u00e0 tr\u00e8s s\u00e8ches.<\/p>\n<\/div>\n<div class=\"ctn_format\">\n<p>Tube 50ml<\/p>\n<h4>PROPRI\u00c9T\u00c9S<\/h4>\n<p>Peaux s\u00e8ches \u00e0 tr\u00e8s s\u00e8ches et sensibles. Sans Paraben.<br \/>Cr\u00e8me surfine enveloppante qui reconstitue intens\u00e9ment les couches sup\u00e9rieures de l\u2019\u00e9piderme. INNOVATION MP-lipides : nouvelle g\u00e9n\u00e9ration de lipides \u00e0 l\u2019efficacit\u00e9 prouv\u00e9e sur la synth\u00e8se des facteurs d\u2019hydratation, des lipides et des prot\u00e9ines indispensables au confort et \u00e0 la protection de la peau.<\/p>\n<\/div>","protected":false},"featured_media":27926,"template":"","meta":{"arc_restricted_post":false},"product_cat":[48,331,393],"product_tag":[],"_links":{"self":[{"href":"https:\/\/www.sopha-sahara.com\/en\/wp-json\/wp\/v2\/product\/27739"}],"collection":[{"href":"https:\/\/www.sopha-sahara.com\/en\/wp-json\/wp\/v2\/product"}],"about":[{"href":"https:\/\/www.sopha-sahara.com\/en\/wp-json\/wp\/v2\/types\/product"}],"wp:featuredmedia":[{"embeddable":true,"href":"https:\/\/www.sopha-sahara.com\/en\/wp-json\/wp\/v2\/media\/27926"}],"wp:attachment":[{"href":"https:\/\/www.sopha-sahara.com\/en\/wp-json\/wp\/v2\/media?parent=27739"}],"wp:term":[{"taxonomy":"product_cat","embeddable":true,"href":"https:\/\/www.sopha-sahara.com\/en\/wp-json\/wp\/v2\/product_cat?post=27739"},{"taxonomy":"product_tag","embeddable":true,"href":"https:\/\/www.sopha-sahara.com\/en\/wp-json\/wp\/v2\/product_tag?post=27739"}],"curies":[{"name":"wp","href":"https:\/\/api.w.org\/{rel}","templated":true}]}}