{"id":27738,"date":"2021-01-12T11:02:03","date_gmt":"2021-01-12T10:02:03","guid":{"rendered":"https:\/\/www.interbusinesschamber.com\/produit\/lipikar-gel-lavant\/"},"modified":"2021-01-13T11:29:02","modified_gmt":"2021-01-13T10:29:02","slug":"lipikar-gel-lavant","status":"publish","type":"product","link":"https:\/\/www.sopha-sahara.com\/en\/product\/lipikar-gel-lavant\/","title":{"rendered":"LIPIKAR Gel Lavant"},"content":{"rendered":"<h4>TEXTURE &amp; APPLICATION<\/h4>\n<div>Appliquer quotidiennement sur la peau pr\u00e9alablement mouill\u00e9e du corps et du visage. Masser l\u00e9g\u00e8rement. Rincer.<\/div>","protected":false},"excerpt":{"rendered":"<div id=\"action\" class=\"ctn_desc\">\n<p>Nettoie en douceur et prot\u00e8ge les peaux sensibles de toute la famille. Respecte le pH physiologique de la peau. Ne pique pas les yeux.<\/p>\n<\/div>\n<div class=\"ctn_format\">\n<p>Tube 200 ml, 400 ml<\/p>\n<h4>PROPRI\u00c9T\u00c9S<\/h4>\n<p>Peaux sensibles de toute la famille. Nourrisson, enfant et adulte. Convient au cuir chevelu des nourrissons et aux zones intimes.<br \/>Au Niacinamide apaisant et au Beurre de Karit\u00e9 relipidant pour contribuer \u00e0 la restauration de la barri\u00e8re cutan\u00e9e.<\/p>\n<\/div>","protected":false},"featured_media":23201,"template":"","meta":{"arc_restricted_post":false},"product_cat":[48,331,392],"product_tag":[],"_links":{"self":[{"href":"https:\/\/www.sopha-sahara.com\/en\/wp-json\/wp\/v2\/product\/27738"}],"collection":[{"href":"https:\/\/www.sopha-sahara.com\/en\/wp-json\/wp\/v2\/product"}],"about":[{"href":"https:\/\/www.sopha-sahara.com\/en\/wp-json\/wp\/v2\/types\/product"}],"wp:featuredmedia":[{"embeddable":true,"href":"https:\/\/www.sopha-sahara.com\/en\/wp-json\/wp\/v2\/media\/23201"}],"wp:attachment":[{"href":"https:\/\/www.sopha-sahara.com\/en\/wp-json\/wp\/v2\/media?parent=27738"}],"wp:term":[{"taxonomy":"product_cat","embeddable":true,"href":"https:\/\/www.sopha-sahara.com\/en\/wp-json\/wp\/v2\/product_cat?post=27738"},{"taxonomy":"product_tag","embeddable":true,"href":"https:\/\/www.sopha-sahara.com\/en\/wp-json\/wp\/v2\/product_tag?post=27738"}],"curies":[{"name":"wp","href":"https:\/\/api.w.org\/{rel}","templated":true}]}}