{"id":27737,"date":"2021-01-12T11:02:02","date_gmt":"2021-01-12T10:02:02","guid":{"rendered":"https:\/\/www.interbusinesschamber.com\/produit\/lipikar-xerand\/"},"modified":"2021-01-13T11:30:44","modified_gmt":"2021-01-13T10:30:44","slug":"lipikar-xerand","status":"publish","type":"product","link":"https:\/\/www.sopha-sahara.com\/en\/product\/lipikar-xerand\/","title":{"rendered":"Lipikar Xerand"},"content":{"rendered":"<h4>TEXTURE &amp; APPLICATION<\/h4>\n<div>Appliquer sur les mains aussi souvent que n\u00e9cessaire et masser jusqu'\u00e0 absorption de la cr\u00e8me.<\/div>","protected":false},"excerpt":{"rendered":"<div id=\"action\" class=\"ctn_desc\">\n<p>Restaure la barri\u00e8re cutan\u00e9e et prot\u00e8ge ainsi l&rsquo;\u00e9piderme des agressions ext\u00e9rieures.<\/p>\n<\/div>\n<div class=\"ctn_format\">\n<p>Tube 50ml<\/p>\n<h4>PROPRI\u00c9T\u00c9S<\/h4>\n<p>S\u00e9cheresses s\u00e9v\u00e8res &#8211; Mains ab\u00eem\u00e9es et d\u00e9ss\u00e9ch\u00e9es.<br \/>Gr\u00e2ce \u00e0 ses agents hydratants et r\u00e9parateurs, LIPIKAR XERAND restaure la barri\u00e8re cutan\u00e9e et prot\u00e8ge ainsi l\u2019\u00e9piderme des agressions ext\u00e9rieures.<br \/>P\u00e9n\u00e8tre instantan\u00e9ment. Non-gras.<\/p>\n<\/div>","protected":false},"featured_media":23211,"template":"","meta":{"arc_restricted_post":false},"product_cat":[48,331,392],"product_tag":[],"_links":{"self":[{"href":"https:\/\/www.sopha-sahara.com\/en\/wp-json\/wp\/v2\/product\/27737"}],"collection":[{"href":"https:\/\/www.sopha-sahara.com\/en\/wp-json\/wp\/v2\/product"}],"about":[{"href":"https:\/\/www.sopha-sahara.com\/en\/wp-json\/wp\/v2\/types\/product"}],"wp:featuredmedia":[{"embeddable":true,"href":"https:\/\/www.sopha-sahara.com\/en\/wp-json\/wp\/v2\/media\/23211"}],"wp:attachment":[{"href":"https:\/\/www.sopha-sahara.com\/en\/wp-json\/wp\/v2\/media?parent=27737"}],"wp:term":[{"taxonomy":"product_cat","embeddable":true,"href":"https:\/\/www.sopha-sahara.com\/en\/wp-json\/wp\/v2\/product_cat?post=27737"},{"taxonomy":"product_tag","embeddable":true,"href":"https:\/\/www.sopha-sahara.com\/en\/wp-json\/wp\/v2\/product_tag?post=27737"}],"curies":[{"name":"wp","href":"https:\/\/api.w.org\/{rel}","templated":true}]}}