{"id":27736,"date":"2021-01-12T11:02:02","date_gmt":"2021-01-12T10:02:02","guid":{"rendered":"https:\/\/www.interbusinesschamber.com\/produit\/lipikar-syndet-ap\/"},"modified":"2021-01-13T11:31:30","modified_gmt":"2021-01-13T10:31:30","slug":"lipikar-syndet-ap","status":"publish","type":"product","link":"https:\/\/www.sopha-sahara.com\/en\/product\/lipikar-syndet-ap\/","title":{"rendered":"Lipikar Syndet AP+"},"content":{"rendered":"<div class=\"ctn_col var_efficacy\">\n<h4>EFFICACIT\u00c9<\/h4>\n<p><strong>Efficacit\u00e9 reconnue par les consommateurs<\/strong><br \/>Qualit\u00e9 de vie am\u00e9lior\u00e9e \u00e0 +38%\u00a0<br \/><strong>et prouv\u00e9 cliniquement<\/strong><br \/>85% trouvent que le produit agit sur les irritations de la peau<\/p>\n<\/div>\n<div class=\"ctn_col var_texture\">\n<h4>TEXTURE &amp; APPLICATION<\/h4>\n<div>Hygi\u00e8ne quotidienne. D\u00e9poser une noisette au creux de la main. Appliquer sur la peau pr\u00e9alablement mouill\u00e9e.\u00a0<br \/>Masser l\u00e9g\u00e8rement. Rincer.<\/div>\n<\/div>","protected":false},"excerpt":{"rendered":"<div id=\"action\" class=\"ctn_desc\">\n<p>Apaise imm\u00e9diatement, r\u00e9duit les s\u00e9cheresses s\u00e9v\u00e8res d\u00e8s la douche.<\/p>\n<\/div>\n<div class=\"ctn_format\">\n<p>Tube 200 ml et Flacon pompe 400 ml<\/p>\n<h4>PROPRI\u00c9T\u00c9S<\/h4>\n<p>Une base lavante ultra-douce enrichie en Beurre de Karit\u00e9 et Niacinamide associ\u00e9e \u00e0 l\u2019Aqua Posae Filiformis, nouvel actif exclusif brevet\u00e9 pour agir sur les facteurs d\u00e9terminants de la peau \u00e0 tendance atopique.<br \/>Sans savon, sans parfum, sans paraben, sans ph\u00e9noxy\u00e9thanol<\/p>\n<\/div>","protected":false},"featured_media":23210,"template":"","meta":{"arc_restricted_post":false},"product_cat":[48,331,392],"product_tag":[],"_links":{"self":[{"href":"https:\/\/www.sopha-sahara.com\/en\/wp-json\/wp\/v2\/product\/27736"}],"collection":[{"href":"https:\/\/www.sopha-sahara.com\/en\/wp-json\/wp\/v2\/product"}],"about":[{"href":"https:\/\/www.sopha-sahara.com\/en\/wp-json\/wp\/v2\/types\/product"}],"wp:featuredmedia":[{"embeddable":true,"href":"https:\/\/www.sopha-sahara.com\/en\/wp-json\/wp\/v2\/media\/23210"}],"wp:attachment":[{"href":"https:\/\/www.sopha-sahara.com\/en\/wp-json\/wp\/v2\/media?parent=27736"}],"wp:term":[{"taxonomy":"product_cat","embeddable":true,"href":"https:\/\/www.sopha-sahara.com\/en\/wp-json\/wp\/v2\/product_cat?post=27736"},{"taxonomy":"product_tag","embeddable":true,"href":"https:\/\/www.sopha-sahara.com\/en\/wp-json\/wp\/v2\/product_tag?post=27736"}],"curies":[{"name":"wp","href":"https:\/\/api.w.org\/{rel}","templated":true}]}}