{"id":27735,"date":"2021-01-12T11:02:02","date_gmt":"2021-01-12T10:02:02","guid":{"rendered":"https:\/\/www.interbusinesschamber.com\/produit\/lipikar-baume-apm\/"},"modified":"2021-01-13T11:33:56","modified_gmt":"2021-01-13T10:33:56","slug":"lipikar-baume-apm","status":"publish","type":"product","link":"https:\/\/www.sopha-sahara.com\/en\/product\/lipikar-baume-apm\/","title":{"rendered":"Lipikar Baume AP+M"},"content":{"rendered":"<div class=\"ctn_col var_efficacy\">\n<h4>EFFICACIT\u00c9<\/h4>\n<p>Efficacit\u00e9 Anti-Grattage 24h<\/p>\n<\/div>\n<div class=\"ctn_col var_texture\">\n<h4>TEXTURE &amp; APPLICATION<\/h4>\n<div>Une application par jour sur la peau tr\u00e8s s\u00e8che et irrit\u00e9e du visage et\/ou du corps, pr\u00e9alablement nettoy\u00e9e avec un produit doux sans savon, comme LIPIKAR SYNDET.<\/div>\n<\/div>","protected":false},"excerpt":{"rendered":"<div id=\"action\" class=\"ctn_desc\">\n<p>Apaise imm\u00e9diatement.<br \/>Espace les pics de s\u00e9cheresse s\u00e9v\u00e8re.<\/p>\n<\/div>\n<div class=\"ctn_format\">\n<p>Flacon-pompe 400 ml et Tube Extra-Souple 200 ml<\/p>\n<h4>PROPRI\u00c9T\u00c9S<\/h4>\n<p>S\u00e9cheresses s\u00e9v\u00e8res du nourrisson, de l&rsquo;enfant et de l&rsquo;adulte.<br \/>Peaux sensibles, tr\u00e8s s\u00e8ches, irritit\u00e9es et sujettes aux d\u00e9mangeaisons, g\u00e9n\u00e9ratrices de grattage.<br \/>Peaux \u00e0 tendance atopique ou allergique (allerg\u00e8nes de contact de la batterie de standard europ\u00e9enne).<br \/><strong>Innovation issue de 25 ann\u00e9es de recherche:<\/strong><br \/>LIPIKAR Baume AP+ \u00e0 l&rsquo;<strong>Aqua Posae Filiformis<\/strong>, nouvel actif exclusif, pour agir sur les 2 facteurs d\u00e9terminants d&rsquo;une peau \u00e0 tendance atopique:<br \/>\u2022\u00a0<strong>R\u00e9tablir et stabiliser l&rsquo;\u00e9quilibre du microbiome.<\/strong><br \/>\u2022\u00a0<strong>Restaurer et pr\u00e9server la barri\u00e8re cutan\u00e9e.<\/strong><br \/>Dans une formule concentr\u00e9e en:<br \/>\u2022\u00a0<strong>Niacinamide apaisant.<\/strong><br \/>\u2022\u00a0<strong>et Beurre de Karit\u00e9 (20%).<\/strong><br \/>et \u00e9labor\u00e9e avec un minimum d&rsquo;ingr\u00e9dients s\u00e9lectionn\u00e9s pour leur efficacit\u00e9 et leur innocuit\u00e9.<br \/>Sans parfum, sans paraben.<br \/>Nouvelle texture : Absorption rapide pour faciliter et acc\u00e9l\u00e9rer l&rsquo;application quotidienne. Fini non-gras, non-collant.<\/p>\n<\/div>","protected":false},"featured_media":23200,"template":"","meta":{"arc_restricted_post":false},"product_cat":[48,331,392],"product_tag":[],"_links":{"self":[{"href":"https:\/\/www.sopha-sahara.com\/en\/wp-json\/wp\/v2\/product\/27735"}],"collection":[{"href":"https:\/\/www.sopha-sahara.com\/en\/wp-json\/wp\/v2\/product"}],"about":[{"href":"https:\/\/www.sopha-sahara.com\/en\/wp-json\/wp\/v2\/types\/product"}],"wp:featuredmedia":[{"embeddable":true,"href":"https:\/\/www.sopha-sahara.com\/en\/wp-json\/wp\/v2\/media\/23200"}],"wp:attachment":[{"href":"https:\/\/www.sopha-sahara.com\/en\/wp-json\/wp\/v2\/media?parent=27735"}],"wp:term":[{"taxonomy":"product_cat","embeddable":true,"href":"https:\/\/www.sopha-sahara.com\/en\/wp-json\/wp\/v2\/product_cat?post=27735"},{"taxonomy":"product_tag","embeddable":true,"href":"https:\/\/www.sopha-sahara.com\/en\/wp-json\/wp\/v2\/product_tag?post=27735"}],"curies":[{"name":"wp","href":"https:\/\/api.w.org\/{rel}","templated":true}]}}