{"id":27734,"date":"2021-01-12T11:02:02","date_gmt":"2021-01-12T10:02:02","guid":{"rendered":"https:\/\/www.interbusinesschamber.com\/produit\/lipikar-huile-lavante\/"},"modified":"2021-01-13T11:32:44","modified_gmt":"2021-01-13T10:32:44","slug":"lipikar-huile-lavante","status":"publish","type":"product","link":"https:\/\/www.sopha-sahara.com\/en\/product\/lipikar-huile-lavante\/","title":{"rendered":"Lipikar Huile Lavante"},"content":{"rendered":"<h4>TEXTURE &amp; APPLICATION<\/h4>\n<div>Pour la douche, d\u00e9poser quelques gouttes au creux de la main et appliquer sur la peau pr\u00e9alablement mouill\u00e9e. Pour le bain, verser l'\u00e9quivalent de 2 \u00e0 3 bouchons pendant le remplissage de la baignoire. Rincer d\u00e9licatement. S\u00e9cher sans frotter.<\/div>","protected":false},"excerpt":{"rendered":"<div id=\"action\" class=\"ctn_desc\">\n<p>Prot\u00e8ge la peau contre les effets dess\u00e9chants du calcaire. Apporte \u00e0 la peau les lipides n\u00e9cessaires \u00e0 la reconstruction de la barri\u00e8re cutan\u00e9e.<\/p>\n<\/div>\n<div class=\"ctn_format\">\n<p>Flacon 400ml, flacon 200ml, tube 100ml.<\/p>\n<h4>PROPRI\u00c9T\u00c9S<\/h4>\n<p>S\u00e8cheresses extr\u00eames. Peau \u00e0 tendance atopique<br \/>Nourrisson, enfant et adulte<br \/>Agents nettoyants s\u00e9lectionn\u00e9s pour une tol\u00e9rance optimale. pH neutre. Sans savon. Sans alcool. Sans colorant. Sans paraben. Au Niacinamide pour aider \u00e0 restaurer la barri\u00e8re cutan\u00e9e et apaiser ainsi les sensations de tiraillements et au Beurre de Karit\u00e9 pour relipider intens\u00e9ment.<\/p>\n<\/div>","protected":false},"featured_media":23198,"template":"","meta":{"arc_restricted_post":false},"product_cat":[48,331,392],"product_tag":[],"_links":{"self":[{"href":"https:\/\/www.sopha-sahara.com\/en\/wp-json\/wp\/v2\/product\/27734"}],"collection":[{"href":"https:\/\/www.sopha-sahara.com\/en\/wp-json\/wp\/v2\/product"}],"about":[{"href":"https:\/\/www.sopha-sahara.com\/en\/wp-json\/wp\/v2\/types\/product"}],"wp:featuredmedia":[{"embeddable":true,"href":"https:\/\/www.sopha-sahara.com\/en\/wp-json\/wp\/v2\/media\/23198"}],"wp:attachment":[{"href":"https:\/\/www.sopha-sahara.com\/en\/wp-json\/wp\/v2\/media?parent=27734"}],"wp:term":[{"taxonomy":"product_cat","embeddable":true,"href":"https:\/\/www.sopha-sahara.com\/en\/wp-json\/wp\/v2\/product_cat?post=27734"},{"taxonomy":"product_tag","embeddable":true,"href":"https:\/\/www.sopha-sahara.com\/en\/wp-json\/wp\/v2\/product_tag?post=27734"}],"curies":[{"name":"wp","href":"https:\/\/api.w.org\/{rel}","templated":true}]}}