{"id":27733,"date":"2021-01-12T11:02:02","date_gmt":"2021-01-12T10:02:02","guid":{"rendered":"https:\/\/www.interbusinesschamber.com\/produit\/lipikar-podologics\/"},"modified":"2021-01-13T11:34:24","modified_gmt":"2021-01-13T10:34:24","slug":"lipikar-podologics","status":"publish","type":"product","link":"https:\/\/www.sopha-sahara.com\/en\/product\/lipikar-podologics\/","title":{"rendered":"Lipikar Podologics"},"content":{"rendered":"<div class=\"ctn_col var_efficacy\">\n<h4>EFFICACIT\u00c9<\/h4>\n<p>Apr\u00e8s 4 semaines la peau est liss\u00e9e : 96%<br \/>La peau est adoucie : 98%<br \/>La peau est assouplie : 98%<br \/>Les callosit\u00e9s sont liss\u00e9es : 92%<br \/>Les fissures sont r\u00e9par\u00e9es : 94%<\/p>\n<\/div>\n<div class=\"ctn_col var_texture\">\n<h4>TEXTURE &amp; APPLICATION<\/h4>\n<div>Appliquer sur l'ensemble du pied. Masser soigneusement.<\/div>\n<\/div>","protected":false},"excerpt":{"rendered":"<div id=\"action\" class=\"ctn_desc\">\n<p>Apaise, nourrit et lisse imm\u00e9diatement les pieds secs et tr\u00e8s secs. En 5 jours, r\u00e9duit l&rsquo;\u00e9paisseur des callosit\u00e9s et r\u00e9pare leurs fissures.<\/p>\n<\/div>\n<div class=\"ctn_format\">\n<p>Tube 100ml<\/p>\n<h4>PROPRI\u00c9T\u00c9S<\/h4>\n<p>Pieds secs \u00e0 tr\u00e8s secs, callosit\u00e9s, fissures.<br \/>Apaise, nourrit et lisse imm\u00e9diatement les pieds secs et tr\u00e8s secs. En 5 jours, r\u00e9duit l&rsquo;\u00e9paisseur des callosit\u00e9s et r\u00e9pare leurs fissures.<\/p>\n<\/div>","protected":false},"featured_media":23205,"template":"","meta":{"arc_restricted_post":false},"product_cat":[48,331,392],"product_tag":[],"_links":{"self":[{"href":"https:\/\/www.sopha-sahara.com\/en\/wp-json\/wp\/v2\/product\/27733"}],"collection":[{"href":"https:\/\/www.sopha-sahara.com\/en\/wp-json\/wp\/v2\/product"}],"about":[{"href":"https:\/\/www.sopha-sahara.com\/en\/wp-json\/wp\/v2\/types\/product"}],"wp:featuredmedia":[{"embeddable":true,"href":"https:\/\/www.sopha-sahara.com\/en\/wp-json\/wp\/v2\/media\/23205"}],"wp:attachment":[{"href":"https:\/\/www.sopha-sahara.com\/en\/wp-json\/wp\/v2\/media?parent=27733"}],"wp:term":[{"taxonomy":"product_cat","embeddable":true,"href":"https:\/\/www.sopha-sahara.com\/en\/wp-json\/wp\/v2\/product_cat?post=27733"},{"taxonomy":"product_tag","embeddable":true,"href":"https:\/\/www.sopha-sahara.com\/en\/wp-json\/wp\/v2\/product_tag?post=27733"}],"curies":[{"name":"wp","href":"https:\/\/api.w.org\/{rel}","templated":true}]}}