{"id":27732,"date":"2021-01-12T11:02:02","date_gmt":"2021-01-12T10:02:02","guid":{"rendered":"https:\/\/www.interbusinesschamber.com\/produit\/lipikar-lait\/"},"modified":"2021-01-13T11:35:26","modified_gmt":"2021-01-13T10:35:26","slug":"lipikar-lait","status":"publish","type":"product","link":"https:\/\/www.sopha-sahara.com\/en\/product\/lipikar-lait\/","title":{"rendered":"Lipikar Lait"},"content":{"rendered":"<div class=\"ctn_col var_efficacy\">\n<h4>EFFICACIT\u00c9<\/h4>\n<p>- S\u00e9cheresse cutan\u00e9e : 98% d'am\u00e9lioration<br \/>- Tol\u00e9rance : 98%<br \/>- Qualit\u00e9s cosm\u00e9tiques : 88%<br \/>- Texture : 8,5\/10, tr\u00e8s bonne efficacit\u00e9 : 8,3\/10, p\u00e9n\u00e8tre bien, facile \u00e0 appliquer : 90%,<br \/>- Hydratation et confort : 8,3\/10<\/p>\n<\/div>\n<div class=\"ctn_col var_texture\">\n<h4>TEXTURE &amp; APPLICATION<\/h4>\n<div>Appliquer 1 fois par jour. Utiliser sur une peau pr\u00e9alablement nettoy\u00e9e avec un produit doux.<\/div>\n<\/div>","protected":false},"excerpt":{"rendered":"<div id=\"action\" class=\"ctn_desc\">\n<p>Apporte des lipides pour impr\u00e9gner imm\u00e9diatement la peau s\u00e8che, renforcer la barri\u00e8re cutan\u00e9e et la prot\u00e8ger ainsi des agressions ext\u00e9rieures.<\/p>\n<\/div>\n<div class=\"ctn_format\">\n<p>Flacon pompe 400ml &#8211; tube 200ml avec \u00e9tui &#8211; tube 125ml avec \u00e9tui<\/p>\n<h4>PROPRI\u00c9T\u00c9S<\/h4>\n<p>Peaux s\u00e8ches et inconfortables. Enfant et adulte.<br \/>Les peaux\u00a0s\u00e8ches et d\u00e9shydrat\u00e9es se caract\u00e9risent par une barri\u00e8re cutan\u00e9e fragilis\u00e9e et sont sujettes \u00e0 des sensations de tiraillements et d&rsquo;inconfort. LIPIKAR Lait apporte des lipides pour impr\u00e9gner imm\u00e9diatement la peau s\u00e8che, renforcer durablement la barri\u00e8re cutan\u00e9e et la prot\u00e9ger ainsi des agressions ext\u00e9rieures.<br \/>&#8211; Innovation : le Niacinamide pour restaurer la barri\u00e8re cutan\u00e9e et apaiser ainsi les sensations de tiraillements.<br \/>&#8211; Beurre de Karit\u00e9 pour relipider intens\u00e9ment et redonner souplesse et confort \u00e0 la peau. Non-gras. Non-collant.<\/p>\n<p>&nbsp;<\/p>\n<\/div>","protected":false},"featured_media":23204,"template":"","meta":{"arc_restricted_post":false},"product_cat":[48,331,392],"product_tag":[],"_links":{"self":[{"href":"https:\/\/www.sopha-sahara.com\/en\/wp-json\/wp\/v2\/product\/27732"}],"collection":[{"href":"https:\/\/www.sopha-sahara.com\/en\/wp-json\/wp\/v2\/product"}],"about":[{"href":"https:\/\/www.sopha-sahara.com\/en\/wp-json\/wp\/v2\/types\/product"}],"wp:featuredmedia":[{"embeddable":true,"href":"https:\/\/www.sopha-sahara.com\/en\/wp-json\/wp\/v2\/media\/23204"}],"wp:attachment":[{"href":"https:\/\/www.sopha-sahara.com\/en\/wp-json\/wp\/v2\/media?parent=27732"}],"wp:term":[{"taxonomy":"product_cat","embeddable":true,"href":"https:\/\/www.sopha-sahara.com\/en\/wp-json\/wp\/v2\/product_cat?post=27732"},{"taxonomy":"product_tag","embeddable":true,"href":"https:\/\/www.sopha-sahara.com\/en\/wp-json\/wp\/v2\/product_tag?post=27732"}],"curies":[{"name":"wp","href":"https:\/\/api.w.org\/{rel}","templated":true}]}}