{"id":27731,"date":"2021-01-12T11:02:01","date_gmt":"2021-01-12T10:02:01","guid":{"rendered":"https:\/\/www.interbusinesschamber.com\/produit\/lipikar-surgras-pain\/"},"modified":"2021-01-13T11:43:01","modified_gmt":"2021-01-13T10:43:01","slug":"lipikar-surgras-pain","status":"publish","type":"product","link":"https:\/\/www.sopha-sahara.com\/en\/product\/lipikar-surgras-pain\/","title":{"rendered":"Lipikar SURGRAS Pain"},"content":{"rendered":"<div class=\"ctn_col var_efficacy\">\n<h4>EFFICACIT\u00c9<\/h4>\n<p>- Laisse la peau nette : 98%<br \/>- Peau confortable : 96%<br \/>- Peau hydrat\u00e9e : 92%<br \/>- Ne dess\u00e8che pas la peau : 91%<br \/>- Ne pique pas - n'irrite pas la peau : 97%<br \/>- Excellent agr\u00e9ment cosm\u00e9tique : texture agr\u00e9able : 97%<br \/>- Facile \u00e0 rincer : 96%<\/p>\n<\/div>\n<div class=\"ctn_col var_texture\">\n<h4>TEXTURE &amp; APPLICATION<\/h4>\n<div>Hygi\u00e8ne quotidienne. Appliquer sur la peau pr\u00e9alablement mouill\u00e9e. Masser l\u00e9g\u00e8rement. Rincer. Eviter le contour des yeux.<\/div>\n<\/div>","protected":false},"excerpt":{"rendered":"<div id=\"action\" class=\"ctn_desc\">\n<p>Nettoie la peau sans l&rsquo;agresser en respectant son film protecteur naturel. Aide \u00e0 restaurer la barri\u00e8re cutan\u00e9e et apaise les sensations de tiraillements. Relipide intens\u00e9ment pour redonner souplesse et confort \u00e0 la peau.<\/p>\n<\/div>\n<div class=\"ctn_format\">\n<p>Pain 150g avec \u00e9tui<\/p>\n<h4>PROPRI\u00c9T\u00c9S<\/h4>\n<p>Toilette quotidienne des peaux s\u00e8ches et inconfortables. Enfant et adulte.<br \/>Nettoie la peau sans l&rsquo;agresser en respectant son film protecteur.<br \/>Innovation : le Niacinamide pour aide \u00e0 restaurer la barri\u00e8re cutan\u00e9e et apaiser ainsi les sensations de tiraillements.<br \/>Beurre de Karit\u00e9 pour relipider intens\u00e9ment et redonner souplesse et confort \u00e0 la peau.<\/p>\n<\/div>","protected":false},"featured_media":27925,"template":"","meta":{"arc_restricted_post":false},"product_cat":[48,331,392],"product_tag":[],"_links":{"self":[{"href":"https:\/\/www.sopha-sahara.com\/en\/wp-json\/wp\/v2\/product\/27731"}],"collection":[{"href":"https:\/\/www.sopha-sahara.com\/en\/wp-json\/wp\/v2\/product"}],"about":[{"href":"https:\/\/www.sopha-sahara.com\/en\/wp-json\/wp\/v2\/types\/product"}],"wp:featuredmedia":[{"embeddable":true,"href":"https:\/\/www.sopha-sahara.com\/en\/wp-json\/wp\/v2\/media\/27925"}],"wp:attachment":[{"href":"https:\/\/www.sopha-sahara.com\/en\/wp-json\/wp\/v2\/media?parent=27731"}],"wp:term":[{"taxonomy":"product_cat","embeddable":true,"href":"https:\/\/www.sopha-sahara.com\/en\/wp-json\/wp\/v2\/product_cat?post=27731"},{"taxonomy":"product_tag","embeddable":true,"href":"https:\/\/www.sopha-sahara.com\/en\/wp-json\/wp\/v2\/product_tag?post=27731"}],"curies":[{"name":"wp","href":"https:\/\/api.w.org\/{rel}","templated":true}]}}