{"id":27730,"date":"2021-01-12T11:02:01","date_gmt":"2021-01-12T10:02:01","guid":{"rendered":"https:\/\/www.interbusinesschamber.com\/produit\/lipikar-surgras-douche-creme\/"},"modified":"2021-01-13T11:41:31","modified_gmt":"2021-01-13T10:41:31","slug":"lipikar-surgras-douche-creme","status":"publish","type":"product","link":"https:\/\/www.sopha-sahara.com\/en\/product\/lipikar-surgras-douche-creme\/","title":{"rendered":"Lipikar SURGRAS Douche Cr\u00e8me"},"content":{"rendered":"<h4>TEXTURE &amp; APPLICATION<\/h4>\n<div>Hygi\u00e8ne quotidienne. D\u00e9poser une noisette au creux de la main. Appliquer sur la peau pr\u00e9alablement mouill\u00e9e. Masser l\u00e9g\u00e8rement. Rincer.<\/div>","protected":false},"excerpt":{"rendered":"<div id=\"action\" class=\"ctn_desc\">\n<p>Nettoyage doux, sans savon et sans paraben. Aide \u00e0 restaurer la barri\u00e8re cutan\u00e9e et \u00e0 relipider la peau d\u00e8s la douche.<\/p>\n<\/div>\n<div class=\"ctn_format\">\n<p>Flacon pompe 400ml et tube 200ml<\/p>\n<h4>PROPRI\u00c9T\u00c9S<\/h4>\n<p>Nettoyage doux, sans savon et sans paraben, con\u00e7u pour les peaux s\u00e8ches et inconfortables. Enfant et adulte.<br \/>Nettoyage doux, sans savon et sans paraben, con\u00e7u pour les peaux s\u00e8ches et inconfortables. Formule enrichie en concentr\u00e9 surgras 10% et Niacinamide pour aider \u00e0 restaurer la barri\u00e8re cutan\u00e9e et \u00e0 relipider la peau d\u00e8s la douche.<\/p>\n<\/div>","protected":false},"featured_media":27924,"template":"","meta":{"arc_restricted_post":false},"product_cat":[48,331,392],"product_tag":[],"_links":{"self":[{"href":"https:\/\/www.sopha-sahara.com\/en\/wp-json\/wp\/v2\/product\/27730"}],"collection":[{"href":"https:\/\/www.sopha-sahara.com\/en\/wp-json\/wp\/v2\/product"}],"about":[{"href":"https:\/\/www.sopha-sahara.com\/en\/wp-json\/wp\/v2\/types\/product"}],"wp:featuredmedia":[{"embeddable":true,"href":"https:\/\/www.sopha-sahara.com\/en\/wp-json\/wp\/v2\/media\/27924"}],"wp:attachment":[{"href":"https:\/\/www.sopha-sahara.com\/en\/wp-json\/wp\/v2\/media?parent=27730"}],"wp:term":[{"taxonomy":"product_cat","embeddable":true,"href":"https:\/\/www.sopha-sahara.com\/en\/wp-json\/wp\/v2\/product_cat?post=27730"},{"taxonomy":"product_tag","embeddable":true,"href":"https:\/\/www.sopha-sahara.com\/en\/wp-json\/wp\/v2\/product_tag?post=27730"}],"curies":[{"name":"wp","href":"https:\/\/api.w.org\/{rel}","templated":true}]}}