{"id":27729,"date":"2021-01-12T11:02:01","date_gmt":"2021-01-12T10:02:01","guid":{"rendered":"https:\/\/www.interbusinesschamber.com\/produit\/lipikar-stick-ap\/"},"modified":"2021-01-13T11:36:01","modified_gmt":"2021-01-13T10:36:01","slug":"lipikar-stick-ap","status":"publish","type":"product","link":"https:\/\/www.sopha-sahara.com\/en\/product\/lipikar-stick-ap\/","title":{"rendered":"Lipikar Stick AP+"},"content":{"rendered":"<div class=\"ctn_col var_efficacy\">\n<h4>EFFICACIT\u00c9<\/h4>\n<p>D\u00e8s l'application* :\u00a0<\/p>\n<ul>\n<li>La peau est plus confortable pour\u00a0<u>82%<\/u><\/li>\n<li>La peau est plus souple pour\u00a0<u>84%<\/u><\/li>\n<li>La peau est moins s\u00e8che\u00a0<u>87%<\/u><\/li>\n<\/ul>\n<p>&nbsp;<\/p>\n<\/div>\n<div class=\"ctn_col var_texture\">\n<h4>TEXTURE &amp; APPLICATION<\/h4>\n<div>\n<ul>\n<li>Habillage rapide<\/li>\n<li>Texture anti-transfert<\/li>\n<li>A appliquer d\u00e8s que le besoin de grattage se fait ressentir.<\/li>\n<\/ul>\n<\/div>\n<\/div>","protected":false},"excerpt":{"rendered":"<div id=\"action\" class=\"ctn_desc\">\n<p>Apaise instantan\u00e9ment la sensation de d\u00e9mangeaison.<br \/>Remplace le r\u00e9flexe de grattage.<\/p>\n<\/div>\n<div class=\"ctn_format\">\n<p>Stick 15ml<\/p>\n<h4>PROPRI\u00c9T\u00c9S<\/h4>\n<p>Peaux s\u00e8ches, s\u00e9cheresses s\u00e9v\u00e8res, sensations de d\u00e9mangeaison.<br \/>Peau \u00e0 tendance \u00e0 l&rsquo;ecz\u00e9ma atopique.<\/p>\n<ul>\n<li>Apaise instantan\u00e9ment et remplace le r\u00e9flexe de grattage<\/li>\n<li>Beurre de karit\u00e9 : relipide.<\/li>\n<li>Mad\u00e9cassoside : apaise imm\u00e9diatement et\u00a0r\u00e9pare la fonction barri\u00e8re.<\/li>\n<li>Zinc Gluconate : anti-bact\u00e9rien.<\/li>\n<li>Sans parfum. Sans paraben.<\/li>\n<\/ul>\n<\/div>","protected":false},"featured_media":23206,"template":"","meta":{"arc_restricted_post":false},"product_cat":[48,331,392],"product_tag":[],"_links":{"self":[{"href":"https:\/\/www.sopha-sahara.com\/en\/wp-json\/wp\/v2\/product\/27729"}],"collection":[{"href":"https:\/\/www.sopha-sahara.com\/en\/wp-json\/wp\/v2\/product"}],"about":[{"href":"https:\/\/www.sopha-sahara.com\/en\/wp-json\/wp\/v2\/types\/product"}],"wp:featuredmedia":[{"embeddable":true,"href":"https:\/\/www.sopha-sahara.com\/en\/wp-json\/wp\/v2\/media\/23206"}],"wp:attachment":[{"href":"https:\/\/www.sopha-sahara.com\/en\/wp-json\/wp\/v2\/media?parent=27729"}],"wp:term":[{"taxonomy":"product_cat","embeddable":true,"href":"https:\/\/www.sopha-sahara.com\/en\/wp-json\/wp\/v2\/product_cat?post=27729"},{"taxonomy":"product_tag","embeddable":true,"href":"https:\/\/www.sopha-sahara.com\/en\/wp-json\/wp\/v2\/product_tag?post=27729"}],"curies":[{"name":"wp","href":"https:\/\/api.w.org\/{rel}","templated":true}]}}