{"id":27728,"date":"2021-01-12T11:02:01","date_gmt":"2021-01-12T10:02:01","guid":{"rendered":"https:\/\/www.interbusinesschamber.com\/produit\/hydreane-riche\/"},"modified":"2021-01-13T11:26:08","modified_gmt":"2021-01-13T10:26:08","slug":"hydreane-riche","status":"publish","type":"product","link":"https:\/\/www.sopha-sahara.com\/en\/product\/hydreane-riche\/","title":{"rendered":"Hydreane Riche"},"content":{"rendered":"<div class=\"ctn_col var_efficacy\">\n<h4>EFFICACIT\u00c9<\/h4>\n<p>73% de r\u00e9duction de la sensibilit\u00e9 en 4 semaines.<br \/>Am\u00e9lioration perceptible des signes de la sensibilit\u00e9 en 4 semaines.<\/p>\n<\/div>\n<div class=\"ctn_col var_texture\">\n<h4>TEXTURE &amp; APPLICATION<\/h4>\n<div>Appliquer sur le visage et le cou matin et\/ou soir.<br \/>Excellente base de maquillage.<\/div>\n<\/div>","protected":false},"excerpt":{"rendered":"<div id=\"action\" class=\"ctn_desc\">\n<p>Toutes les vertus de l&rsquo;Eau Thermale dans un soin.<\/p>\n<\/div>\n<div class=\"ctn_format\">\n<p>Tube 40ml sous \u00e9tui<\/p>\n<h4>PROPRI\u00c9T\u00c9S<\/h4>\n<p>Peaux sensible s\u00e8ches \u00e0 tr\u00e8s s\u00e8ches.<br \/>Le soin hydratant essentiel qui, jour apr\u00e8s jour, impr\u00e8gne la peau sensible en Eau Thermale de La Roche-Posay pour l\u2019hydrater, l\u2019apaiser et l\u2019adoucir.<br \/>Anti-irritante, anti-oxydante et adoucissante, l\u2019Eau Thermale de la Roche Posay hydrate et soulage les peaux sensibles et fragilis\u00e9es.<br \/>Texture enveloppante et onctueuse pour un apaisement imm\u00e9diat et une peau souple et douce.<br \/>Test\u00e9 sous contr\u00f4le dermatologique.<\/p>\n<\/div>","protected":false},"featured_media":23190,"template":"","meta":{"arc_restricted_post":false},"product_cat":[48,391,331],"product_tag":[],"_links":{"self":[{"href":"https:\/\/www.sopha-sahara.com\/en\/wp-json\/wp\/v2\/product\/27728"}],"collection":[{"href":"https:\/\/www.sopha-sahara.com\/en\/wp-json\/wp\/v2\/product"}],"about":[{"href":"https:\/\/www.sopha-sahara.com\/en\/wp-json\/wp\/v2\/types\/product"}],"wp:featuredmedia":[{"embeddable":true,"href":"https:\/\/www.sopha-sahara.com\/en\/wp-json\/wp\/v2\/media\/23190"}],"wp:attachment":[{"href":"https:\/\/www.sopha-sahara.com\/en\/wp-json\/wp\/v2\/media?parent=27728"}],"wp:term":[{"taxonomy":"product_cat","embeddable":true,"href":"https:\/\/www.sopha-sahara.com\/en\/wp-json\/wp\/v2\/product_cat?post=27728"},{"taxonomy":"product_tag","embeddable":true,"href":"https:\/\/www.sopha-sahara.com\/en\/wp-json\/wp\/v2\/product_tag?post=27728"}],"curies":[{"name":"wp","href":"https:\/\/api.w.org\/{rel}","templated":true}]}}