{"id":27726,"date":"2021-01-12T11:02:01","date_gmt":"2021-01-12T10:02:01","guid":{"rendered":"https:\/\/www.interbusinesschamber.com\/produit\/hydreane-extra-riche\/"},"modified":"2021-01-13T11:26:03","modified_gmt":"2021-01-13T10:26:03","slug":"hydreane-extra-riche","status":"publish","type":"product","link":"https:\/\/www.sopha-sahara.com\/en\/product\/hydreane-extra-riche\/","title":{"rendered":"Hydreane Extra Riche"},"content":{"rendered":"<h4>TEXTURE &amp; APPLICATION<\/h4>\n<div>Appliquer sur le visage et le cou matin et\/ou soir.Excellente base de maquillage.<\/div>","protected":false},"excerpt":{"rendered":"<div id=\"action\" class=\"ctn_desc\">\n<p>Toutes les vertus de l&rsquo;Eau Thermale dans un soin.<\/p>\n<\/div>\n<div class=\"ctn_format\">\n<p>Tube 40ml sous \u00e9tui<\/p>\n<h4>PROPRI\u00c9T\u00c9S<\/h4>\n<p>Peaux sensibles s\u00e8ches \u00e0 tr\u00e8s s\u00e8ches.<br \/>Le soin hydratant essentiel qui, jour apr\u00e8s jour, impr\u00e8gne la peau sensible en Eau Thermale de La Roche-Posay pour l\u2019hydrater, l\u2019apaiser et l\u2019adoucir.<br \/>Anti-irritante, anti-oxydante et adoucissante, l\u2019Eau Thermale de la Roche Posay hydrate et soulage les peaux sensibles et fragilis\u00e9es.Texture enveloppante et onctueuse pour un apaisement imm\u00e9diat et une peau souple et douce.<br \/>Test\u00e9 sous contr\u00f4le dermatologique.<\/p>\n<\/div>","protected":false},"featured_media":23188,"template":"","meta":{"arc_restricted_post":false},"product_cat":[48,391,331],"product_tag":[],"_links":{"self":[{"href":"https:\/\/www.sopha-sahara.com\/en\/wp-json\/wp\/v2\/product\/27726"}],"collection":[{"href":"https:\/\/www.sopha-sahara.com\/en\/wp-json\/wp\/v2\/product"}],"about":[{"href":"https:\/\/www.sopha-sahara.com\/en\/wp-json\/wp\/v2\/types\/product"}],"wp:featuredmedia":[{"embeddable":true,"href":"https:\/\/www.sopha-sahara.com\/en\/wp-json\/wp\/v2\/media\/23188"}],"wp:attachment":[{"href":"https:\/\/www.sopha-sahara.com\/en\/wp-json\/wp\/v2\/media?parent=27726"}],"wp:term":[{"taxonomy":"product_cat","embeddable":true,"href":"https:\/\/www.sopha-sahara.com\/en\/wp-json\/wp\/v2\/product_cat?post=27726"},{"taxonomy":"product_tag","embeddable":true,"href":"https:\/\/www.sopha-sahara.com\/en\/wp-json\/wp\/v2\/product_tag?post=27726"}],"curies":[{"name":"wp","href":"https:\/\/api.w.org\/{rel}","templated":true}]}}