{"id":27725,"date":"2021-01-12T11:02:00","date_gmt":"2021-01-12T10:02:00","guid":{"rendered":"https:\/\/www.interbusinesschamber.com\/produit\/kerium-doux\/"},"modified":"2021-01-13T11:23:10","modified_gmt":"2021-01-13T10:23:10","slug":"kerium-doux","status":"publish","type":"product","link":"https:\/\/www.sopha-sahara.com\/en\/product\/kerium-doux\/","title":{"rendered":"Kerium Doux"},"content":{"rendered":"<div class=\"ctn_col var_efficacy\">\n<h4>EFFICACIT\u00c9<\/h4>\n<p>Usage fr\u00e9quent. Appliquer sur cheveu humide, masser d\u00e9licatement le cuir chevelu et rincer abondamment.<\/p>\n<\/div>\n<div class=\"ctn_col var_texture\">\n<h4>TEXTURE &amp; APPLICATION<\/h4>\n<div>Usage fr\u00e9quent. Appliquer sur cheveu humide, masser d\u00e9licatement le cuir chevelu et rincer abondamment.<\/div>\n<\/div>","protected":false},"excerpt":{"rendered":"<div id=\"action\" class=\"ctn_desc\">\n<p>Prot\u00e8ges les cheveux m\u00eame en pr\u00e9sence d&rsquo;eau calcaire. Apporte l\u00e9g\u00e8ret\u00e9, douceur et brillance.<\/p>\n<\/div>\n<div class=\"ctn_format\">\n<p>Flacon 200 ml \/ Flacon pompe 400 ml<\/p>\n<h4>PROPRI\u00c9T\u00c9S<\/h4>\n<p>Shampooing usage fr\u00e9quent &#8211; A utiliser seul ou en relais des traitements capillaires.<br \/>L&rsquo;eau thermale de La Roche-Posay est utilis\u00e9e comme un ingr\u00e9dient actif pour ses propri\u00e9t\u00e9s apaisantes et anti-irritantes, et est associ\u00e9e au Polysorbate 21, un optimiseur de tol\u00e9rance exclusif.<\/p>\n<\/div>","protected":false},"featured_media":27923,"template":"","meta":{"arc_restricted_post":false},"product_cat":[48,390,331],"product_tag":[],"_links":{"self":[{"href":"https:\/\/www.sopha-sahara.com\/en\/wp-json\/wp\/v2\/product\/27725"}],"collection":[{"href":"https:\/\/www.sopha-sahara.com\/en\/wp-json\/wp\/v2\/product"}],"about":[{"href":"https:\/\/www.sopha-sahara.com\/en\/wp-json\/wp\/v2\/types\/product"}],"wp:featuredmedia":[{"embeddable":true,"href":"https:\/\/www.sopha-sahara.com\/en\/wp-json\/wp\/v2\/media\/27923"}],"wp:attachment":[{"href":"https:\/\/www.sopha-sahara.com\/en\/wp-json\/wp\/v2\/media?parent=27725"}],"wp:term":[{"taxonomy":"product_cat","embeddable":true,"href":"https:\/\/www.sopha-sahara.com\/en\/wp-json\/wp\/v2\/product_cat?post=27725"},{"taxonomy":"product_tag","embeddable":true,"href":"https:\/\/www.sopha-sahara.com\/en\/wp-json\/wp\/v2\/product_tag?post=27725"}],"curies":[{"name":"wp","href":"https:\/\/api.w.org\/{rel}","templated":true}]}}