{"id":27724,"date":"2021-01-12T11:02:00","date_gmt":"2021-01-12T10:02:00","guid":{"rendered":"https:\/\/www.interbusinesschamber.com\/produit\/kerium-ds-creme\/"},"modified":"2021-01-13T11:18:09","modified_gmt":"2021-01-13T10:18:09","slug":"kerium-ds-creme","status":"publish","type":"product","link":"https:\/\/www.sopha-sahara.com\/en\/product\/kerium-ds-creme\/","title":{"rendered":"Kerium DS Cr\u00e8me"},"content":{"rendered":"<div class=\"ctn_col var_efficacy\">\n<h4>EFFICACIT\u00c9<\/h4>\n<p>R\u00e9duction de 100% des manifrestations (rougeurs, squames, d\u00e9mangeaisons) apr\u00e8s 4 semaines de traitement<br \/>Efficacit\u00e9 Anti-R\u00e9cidive 6 semaines apr\u00e8s arr\u00eat du traitement.<\/p>\n<\/div>\n<div class=\"ctn_col var_texture\">\n<h4>TEXTURE &amp; APPLICATION<\/h4>\n<div>Application matin et\/ou soir sur une peau pr\u00e9alablement nettoy\u00e9e.<\/div>\n<\/div>","protected":false},"excerpt":{"rendered":"<div id=\"action\" class=\"ctn_desc\">\n<p>Neutralise les plaques de rougeurs et de squames.<br \/>Renforce les d\u00e9fenses inn\u00e9es de la peau.<\/p>\n<\/div>\n<div class=\"ctn_format\">\n<p>Tube 40ml<\/p>\n<h4>PROPRI\u00c9T\u00c9S<\/h4>\n<p>Peaux s\u00e9bosquameuses<br \/>(squames apparentes, rougeurs et exc\u00e8s de s\u00e9bum).<br \/>Une association unique d\u2019actifs :<br \/>&#8211; Le Dermobiotique Thermal, actif exclusif issu des bio-technologies, pour agir sur les plaques s\u00e9bo-squameuses et combattre leur r\u00e9apparition.<br \/>&#8211; Le Piroctone Olamine et le Zinc pour une action anti-bact\u00e9rienne et s\u00e9bo-r\u00e9gulatrice compl\u00e8te.<br \/>Texture confort non-collante. Sans paraben.<br \/>Tol\u00e9rance test\u00e9e sous contr\u00f4le dermatologique.<\/p>\n<\/div>","protected":false},"featured_media":23194,"template":"","meta":{"arc_restricted_post":false},"product_cat":[48,390,331],"product_tag":[],"_links":{"self":[{"href":"https:\/\/www.sopha-sahara.com\/en\/wp-json\/wp\/v2\/product\/27724"}],"collection":[{"href":"https:\/\/www.sopha-sahara.com\/en\/wp-json\/wp\/v2\/product"}],"about":[{"href":"https:\/\/www.sopha-sahara.com\/en\/wp-json\/wp\/v2\/types\/product"}],"wp:featuredmedia":[{"embeddable":true,"href":"https:\/\/www.sopha-sahara.com\/en\/wp-json\/wp\/v2\/media\/23194"}],"wp:attachment":[{"href":"https:\/\/www.sopha-sahara.com\/en\/wp-json\/wp\/v2\/media?parent=27724"}],"wp:term":[{"taxonomy":"product_cat","embeddable":true,"href":"https:\/\/www.sopha-sahara.com\/en\/wp-json\/wp\/v2\/product_cat?post=27724"},{"taxonomy":"product_tag","embeddable":true,"href":"https:\/\/www.sopha-sahara.com\/en\/wp-json\/wp\/v2\/product_tag?post=27724"}],"curies":[{"name":"wp","href":"https:\/\/api.w.org\/{rel}","templated":true}]}}