{"id":27723,"date":"2021-01-12T11:02:00","date_gmt":"2021-01-12T10:02:00","guid":{"rendered":"https:\/\/www.interbusinesschamber.com\/produit\/kerium-shampooing-complement-anti-chute\/"},"modified":"2021-01-13T11:22:02","modified_gmt":"2021-01-13T10:22:02","slug":"kerium-shampooing-complement-anti-chute","status":"publish","type":"product","link":"https:\/\/www.sopha-sahara.com\/en\/product\/kerium-shampooing-complement-anti-chute\/","title":{"rendered":"Kerium Shampooing Compl\u00e9ment Anti-Chute"},"content":{"rendered":"<div class=\"ctn_col var_efficacy\">\n<h4>EFFICACIT\u00c9<\/h4>\n<p>1. Le Mad\u00e9cassoside prolonge significativement la vie des follicules pileux vs Placebo*.<br \/>Ex : apr\u00e8s 10 jours, 100% des follicules pileux sont en vie vs 74% chez le placebo.<br \/>2. L\u2019Arginine stimule significativement la production de VEGF, un facteur cl\u00e9 dans l\u2019entretien de la micro-circulation autour du bulbe, et donc de son approvisionnement en nutriment.<br \/>3. La Vitamine B5 favorise la production d\u2019\u00e9nergie cellulaire, et donc la croissance d\u2019un cheveu sain et tonique. Il s\u2019agit d\u2019un actif largement reconnu et utilis\u00e9 dans les traitements et compl\u00e9ments nutritionnels anti-chute pour ses propri\u00e9t\u00e9s.<\/p>\n<\/div>\n<div class=\"ctn_col var_texture\">\n<h4>TEXTURE &amp; APPLICATION<\/h4>\n<div>A utiliser quotidiennement, en compl\u00e9ment des traitements dans le cas d\u2019une chute persistante, ou en entretien dans le cas d\u2019une chute saisonni\u00e8re.<\/div>\n<\/div>","protected":false},"excerpt":{"rendered":"<div id=\"action\" class=\"ctn_desc\">\n<p>Redonne corps et densit\u00e9 \u00e0 la fibre.<br \/>Compl\u00e9ment id\u00e9al des traitements anti-chute.<\/p>\n<\/div>\n<div class=\"ctn_format\">\n<p>Flacon 200ml<\/p>\n<h4>PROPRI\u00c9T\u00c9S<\/h4>\n<p>Chute de cheveux chez l\u2019homme et chez la femme.<br \/>Double action<br \/>Une synergie d\u2019actifs unique pour casser la cha\u00eene de la chute \u00e0 toutes les \u00e9tapes :<br \/>1. Le Mad\u00e9cassoside, innovation anti-chute issue de la recherche sur l\u2019inflammation, pour r\u00e9sorber la micro-irritation acc\u00e9l\u00e9rant la chute.<br \/>2. L\u2019Arginine + la Vitamine B5 pour stimuler l\u2019irrigation du bulbe et la production de mati\u00e8re capillaire.<br \/>Enfin la base corporisante redonne imm\u00e9diatement volume et densit\u00e9 \u00e0 la chevelure. Elle est moins clairsem\u00e9e.<\/p>\n<\/div>","protected":false},"featured_media":27922,"template":"","meta":{"arc_restricted_post":false},"product_cat":[48,390,331],"product_tag":[],"_links":{"self":[{"href":"https:\/\/www.sopha-sahara.com\/en\/wp-json\/wp\/v2\/product\/27723"}],"collection":[{"href":"https:\/\/www.sopha-sahara.com\/en\/wp-json\/wp\/v2\/product"}],"about":[{"href":"https:\/\/www.sopha-sahara.com\/en\/wp-json\/wp\/v2\/types\/product"}],"wp:featuredmedia":[{"embeddable":true,"href":"https:\/\/www.sopha-sahara.com\/en\/wp-json\/wp\/v2\/media\/27922"}],"wp:attachment":[{"href":"https:\/\/www.sopha-sahara.com\/en\/wp-json\/wp\/v2\/media?parent=27723"}],"wp:term":[{"taxonomy":"product_cat","embeddable":true,"href":"https:\/\/www.sopha-sahara.com\/en\/wp-json\/wp\/v2\/product_cat?post=27723"},{"taxonomy":"product_tag","embeddable":true,"href":"https:\/\/www.sopha-sahara.com\/en\/wp-json\/wp\/v2\/product_tag?post=27723"}],"curies":[{"name":"wp","href":"https:\/\/api.w.org\/{rel}","templated":true}]}}