{"id":27722,"date":"2021-01-12T11:02:00","date_gmt":"2021-01-12T10:02:00","guid":{"rendered":"https:\/\/www.interbusinesschamber.com\/produit\/kerium-ds-antipelliculaire-intensif\/"},"modified":"2021-01-13T11:20:09","modified_gmt":"2021-01-13T10:20:09","slug":"kerium-ds-antipelliculaire-intensif","status":"publish","type":"product","link":"https:\/\/www.sopha-sahara.com\/en\/product\/kerium-ds-antipelliculaire-intensif\/","title":{"rendered":"Kerium DS Antipelliculaire intensif"},"content":{"rendered":"<div class=\"ctn_col var_efficacy\">\n<h4>EFFICACIT\u00c9<\/h4>\n<p>Efficacit\u00e9 sur les \u00e9tats pelliculaires persistants d\u00e9montr\u00e9e cliniquement par des dermatologues experts du cuir chevelu.<br \/>Les personnes qui l'ont utilis\u00e9 ont jug\u00e9 ses qualit\u00e9s cosm\u00e9tiques excellentes :<br \/>- cheveux brillants 92%,<br \/>- cheveux souples 90%,<br \/>- cheveux faciles \u00e0 coiffer 84%.<\/p>\n<\/div>\n<div class=\"ctn_col var_texture\">\n<h4>TEXTURE &amp; APPLICATION<\/h4>\n<div>Utiliser en cure 2 fois par semaine pendant 3 semaines.<br \/>En entretien, prolonger avec KERIUM Shampooing Antipelliculaire Micro-exfoliant.<br \/>Usage fr\u00e9quent : Shampooing-cr\u00e8me pour les cheveux secs ou Shampooing-gel pour les cheveux gras.<\/div>\n<\/div>","protected":false},"excerpt":{"rendered":"<div id=\"action\" class=\"ctn_desc\">\n<p>D\u00e9sincruste les pellicules persistantes.<br \/>Assainit et soulage le cuir chevelu en profondeur.<\/p>\n<\/div>\n<div class=\"ctn_format\">\n<p>Flacon 125 ml<\/p>\n<h4>PROPRI\u00c9T\u00c9S<\/h4>\n<p>Pellicules abondantes ou persistantes.<br \/>D\u00e9mangaisons intenses.<br \/>Le LHA\u2122 exerce une micro-exfoliation fine et intense pour \u00e9liminer rapidement les pellicules persistantes.<br \/>La Technologie Ciblage Racine d\u00e9pose un complexe assainissant sur le cuir chevelu et le follicule pilo-s\u00e9bac\u00e9 pour traiter l&rsquo;origine des pellicules et pr\u00e9venir les r\u00e9cidives.<br \/>La Vitamine PP soulage les d\u00e9mangeaisons en profondeur.<\/p>\n<\/div>","protected":false},"featured_media":27920,"template":"","meta":{"arc_restricted_post":false},"product_cat":[48,390,331],"product_tag":[],"_links":{"self":[{"href":"https:\/\/www.sopha-sahara.com\/en\/wp-json\/wp\/v2\/product\/27722"}],"collection":[{"href":"https:\/\/www.sopha-sahara.com\/en\/wp-json\/wp\/v2\/product"}],"about":[{"href":"https:\/\/www.sopha-sahara.com\/en\/wp-json\/wp\/v2\/types\/product"}],"wp:featuredmedia":[{"embeddable":true,"href":"https:\/\/www.sopha-sahara.com\/en\/wp-json\/wp\/v2\/media\/27920"}],"wp:attachment":[{"href":"https:\/\/www.sopha-sahara.com\/en\/wp-json\/wp\/v2\/media?parent=27722"}],"wp:term":[{"taxonomy":"product_cat","embeddable":true,"href":"https:\/\/www.sopha-sahara.com\/en\/wp-json\/wp\/v2\/product_cat?post=27722"},{"taxonomy":"product_tag","embeddable":true,"href":"https:\/\/www.sopha-sahara.com\/en\/wp-json\/wp\/v2\/product_tag?post=27722"}],"curies":[{"name":"wp","href":"https:\/\/api.w.org\/{rel}","templated":true}]}}