{"id":27720,"date":"2021-01-12T11:02:00","date_gmt":"2021-01-12T10:02:00","guid":{"rendered":"https:\/\/www.interbusinesschamber.com\/produit\/kerium-pellicules-seches\/"},"modified":"2021-01-13T11:16:21","modified_gmt":"2021-01-13T10:16:21","slug":"kerium-pellicules-seches","status":"publish","type":"product","link":"https:\/\/www.sopha-sahara.com\/en\/product\/kerium-pellicules-seches\/","title":{"rendered":"Kerium Pellicules S\u00e8ches"},"content":{"rendered":"<div class=\"ctn_col var_efficacy\">\n<h4>EFFICACIT\u00c9<\/h4>\n<p>Efficacit\u00e9 d\u00e9montr\u00e9e cliniquement par des dermatologues experts du cuir chevelu.<br \/>Les personnes qui l'ont utilis\u00e9 ont jug\u00e9 ses qualit\u00e9s cosm\u00e9tiques excellentes :<br \/>- cheveux souples 94%,<br \/>- cheveux brillants 94%,<br \/>- cheveux nourris 97%.<\/p>\n<\/div>\n<div class=\"ctn_col var_texture\">\n<h4>TEXTURE &amp; APPLICATION<\/h4>\n<div>En remplacement du shampooing habituel pour les \u00e9tats pelliculaires mod\u00e9r\u00e9s ou ponctuels ou en relais des traitements intensifs.<br \/>Peut s'utiliser tous les jours.<br \/>Masser doucement le cuir chevelu avant de rincer.<br \/>En cas de pellicules persistantes, utiliser Kerium DS Shampooing Antipelliculaire Intensif Micro-exfoliant.<\/div>\n<\/div>","protected":false},"excerpt":{"rendered":"<div id=\"action\" class=\"ctn_desc\">\n<p>Elimination pr\u00e9cise et visible des pellicules s\u00e8ches.<br \/>Restaure l&rsquo;\u00e9quilibre physiologique du cuir chevelu.<\/p>\n<\/div>\n<div class=\"ctn_format\">\n<p>Flacon 200 ml<\/p>\n<h4>PROPRI\u00c9T\u00c9S<\/h4>\n<p>Pellicules mod\u00e9r\u00e9es ou ponctuelles.<br \/>Cheveux ou cuir chevelu sec.<br \/>Le LHA\u2122 exerce une micro-exfoliation fine et intense pour \u00e9liminer les pellicules et r\u00e9guler la desquamation.<br \/>Le complexe assainissant purifie le cuir chevelu et s&rsquo;oppose \u00e0 la formation des pellicules.<br \/>La Glyc\u00e9rine hydratante lutte contre le dess\u00e8chement du cuir chevelu.<\/p>\n<\/div>","protected":false},"featured_media":23196,"template":"","meta":{"arc_restricted_post":false},"product_cat":[48,390,331],"product_tag":[],"_links":{"self":[{"href":"https:\/\/www.sopha-sahara.com\/en\/wp-json\/wp\/v2\/product\/27720"}],"collection":[{"href":"https:\/\/www.sopha-sahara.com\/en\/wp-json\/wp\/v2\/product"}],"about":[{"href":"https:\/\/www.sopha-sahara.com\/en\/wp-json\/wp\/v2\/types\/product"}],"wp:featuredmedia":[{"embeddable":true,"href":"https:\/\/www.sopha-sahara.com\/en\/wp-json\/wp\/v2\/media\/23196"}],"wp:attachment":[{"href":"https:\/\/www.sopha-sahara.com\/en\/wp-json\/wp\/v2\/media?parent=27720"}],"wp:term":[{"taxonomy":"product_cat","embeddable":true,"href":"https:\/\/www.sopha-sahara.com\/en\/wp-json\/wp\/v2\/product_cat?post=27720"},{"taxonomy":"product_tag","embeddable":true,"href":"https:\/\/www.sopha-sahara.com\/en\/wp-json\/wp\/v2\/product_tag?post=27720"}],"curies":[{"name":"wp","href":"https:\/\/api.w.org\/{rel}","templated":true}]}}