{"id":27719,"date":"2021-01-12T11:02:00","date_gmt":"2021-01-12T10:02:00","guid":{"rendered":"https:\/\/www.interbusinesschamber.com\/produit\/hydraphase-intense-yeux\/"},"modified":"2021-01-13T11:12:32","modified_gmt":"2021-01-13T10:12:32","slug":"hydraphase-intense-yeux","status":"publish","type":"product","link":"https:\/\/www.sopha-sahara.com\/en\/product\/hydraphase-intense-yeux\/","title":{"rendered":"Hydraphase INTENSE Yeux"},"content":{"rendered":"<div class=\"ctn_col var_efficacy\">\n<h4>EFFICACIT\u00c9<\/h4>\n<p>&gt; Les ridules sont liss\u00e9es:\u00a0 84% des femmes*<br \/>&gt; Les poches sont r\u00e9duites:\u00a0 62% des femmes*<br \/>&gt; Les signes de fatigue sont r\u00e9duits:\u00a0 64% des femmes*<br \/>* Test clinique men\u00e9 sur 50 femmes.<\/p>\n<\/div>\n<div class=\"ctn_col var_texture\">\n<h4>TEXTURE &amp; APPLICATION<\/h4>\n<div>1. R\u00e9partir une noisette de produit par petites touches sur le contour de l\u2019oeil.<br \/>2. \u00c9taler la cr\u00e8me par effleurages l\u00e9gers.<br \/>3. Pour att\u00e9nuer les poches, prolonger le geste par des lissages de la paupi\u00e8re inf\u00e9rieure, du coin interne de l\u2019\u0153il vers la tempe. Terminer en exer\u00e7ant une petite pression sur les tempes pour activer la circulation lymphatique.<br \/>4. Pour estomper les ridules de d\u00e9shydratation, effectuer une s\u00e9rie de pianotements autour des yeux.<\/div>\n<\/div>","protected":false},"excerpt":{"rendered":"<div id=\"action\" class=\"ctn_desc\">\n<p>R\u00e9hydratation intensive pour lisser les ridules de d\u00e9shydratation du contour de l&rsquo;oeil. Action drainante sur les poches et les paupi\u00e8res gonfl\u00e9es.<\/p>\n<\/div>\n<div class=\"ctn_format\">\n<p>Tube 15ml + \u00e9tui<\/p>\n<h4>PROPRI\u00c9T\u00c9S<\/h4>\n<p>Ridules de d\u00e9shydratation, poches, paupi\u00e8res gonfl\u00e9es.<br \/>Une efficacit\u00e9 hydratante intensive et cibl\u00e9e, gr\u00e2ce \u00e0 l&rsquo;Acide Hyaluronique Fragment\u00e9, pour lisser les ridules de d\u00e9shydratation. Une action sur les poches et les paupi\u00e8res gonfl\u00e9es gr\u00e2ce \u00e0 l&rsquo;association de Caf\u00e9ine drainante et d&rsquo;Eau Thermale de La Roche-Posay d\u00e9congestionnante, optomis\u00e9e par une gestuelle d&rsquo;application originale.<\/p>\n<\/div>","protected":false},"featured_media":23185,"template":"","meta":{"arc_restricted_post":false},"product_cat":[48,389,331],"product_tag":[],"_links":{"self":[{"href":"https:\/\/www.sopha-sahara.com\/en\/wp-json\/wp\/v2\/product\/27719"}],"collection":[{"href":"https:\/\/www.sopha-sahara.com\/en\/wp-json\/wp\/v2\/product"}],"about":[{"href":"https:\/\/www.sopha-sahara.com\/en\/wp-json\/wp\/v2\/types\/product"}],"wp:featuredmedia":[{"embeddable":true,"href":"https:\/\/www.sopha-sahara.com\/en\/wp-json\/wp\/v2\/media\/23185"}],"wp:attachment":[{"href":"https:\/\/www.sopha-sahara.com\/en\/wp-json\/wp\/v2\/media?parent=27719"}],"wp:term":[{"taxonomy":"product_cat","embeddable":true,"href":"https:\/\/www.sopha-sahara.com\/en\/wp-json\/wp\/v2\/product_cat?post=27719"},{"taxonomy":"product_tag","embeddable":true,"href":"https:\/\/www.sopha-sahara.com\/en\/wp-json\/wp\/v2\/product_tag?post=27719"}],"curies":[{"name":"wp","href":"https:\/\/api.w.org\/{rel}","templated":true}]}}