{"id":27718,"date":"2021-01-12T11:01:56","date_gmt":"2021-01-12T10:01:56","guid":{"rendered":"https:\/\/www.interbusinesschamber.com\/produit\/hydraphase-intense-legere\/"},"modified":"2021-01-13T11:14:21","modified_gmt":"2021-01-13T10:14:21","slug":"hydraphase-intense-legere","status":"publish","type":"product","link":"https:\/\/www.sopha-sahara.com\/en\/product\/hydraphase-intense-legere\/","title":{"rendered":"Hydraphase Intense L\u00e9g\u00e8re"},"content":{"rendered":"<div class=\"ctn_col var_efficacy\">\n<h4>EFFICACIT\u00c9<\/h4>\n<p>Hydratation Imm\u00e9diate: 96%.<br \/>Hydratation Longue dur\u00e9e: +43% d'hydratation \u00e0 T8h.<\/p>\n<\/div>\n<div class=\"ctn_col var_texture\">\n<h4>TEXTURE &amp; APPLICATION<\/h4>\n<div>Appliquer quotidiennement matin et\/ou soir sur le visage et le cou bien nettoy\u00e9s. Adapt\u00e9 aux peaux sensibles.<\/div>\n<\/div>","protected":false},"excerpt":{"rendered":"<div id=\"action\" class=\"ctn_desc\">\n<p>Technologie Jonctions Cellulaires : l&rsquo;Acide Hyaluronique Fragment\u00e9 assure la coh\u00e9sion de l&rsquo;\u00e9piderme pour une hydratation Haute Performance ultra-longue dur\u00e9e pour les Peaux Sensibles.<\/p>\n<\/div>\n<div class=\"ctn_format\">\n<p>Flacon-pompe anti-contamination 50ml, + \u00e9tui<\/p>\n<section class=\"obj_detail product clearfix\">\n<div id=\"carousselpack\" class=\"ctn_description clearfix\">\n<div class=\"ctn_col var_center\">\n<div class=\"ctn_properties\">\n<h4>PROPRI\u00c9T\u00c9S<\/h4>\n<p>Peaux sensibles d\u00e9shydrat\u00e9es \u00e0 tendance normale \u00e0 mixte.<br \/>Formule renforc\u00e9e en Acide Hyaluronique Fragment\u00e9 pour une double action :<br \/>&#8211; R\u00e9hydrater intens\u00e9ment en infusant la peau en eau.<br \/>&#8211; Renforcer la coh\u00e9sion cellulaire pour retenir durablement l&rsquo;eau dans la peau.<\/p>\n<\/div>\n<\/div>\n<\/div>\n<\/section>\n<\/div>","protected":false},"featured_media":23183,"template":"","meta":{"arc_restricted_post":false},"product_cat":[48,389,331],"product_tag":[],"_links":{"self":[{"href":"https:\/\/www.sopha-sahara.com\/en\/wp-json\/wp\/v2\/product\/27718"}],"collection":[{"href":"https:\/\/www.sopha-sahara.com\/en\/wp-json\/wp\/v2\/product"}],"about":[{"href":"https:\/\/www.sopha-sahara.com\/en\/wp-json\/wp\/v2\/types\/product"}],"wp:featuredmedia":[{"embeddable":true,"href":"https:\/\/www.sopha-sahara.com\/en\/wp-json\/wp\/v2\/media\/23183"}],"wp:attachment":[{"href":"https:\/\/www.sopha-sahara.com\/en\/wp-json\/wp\/v2\/media?parent=27718"}],"wp:term":[{"taxonomy":"product_cat","embeddable":true,"href":"https:\/\/www.sopha-sahara.com\/en\/wp-json\/wp\/v2\/product_cat?post=27718"},{"taxonomy":"product_tag","embeddable":true,"href":"https:\/\/www.sopha-sahara.com\/en\/wp-json\/wp\/v2\/product_tag?post=27718"}],"curies":[{"name":"wp","href":"https:\/\/api.w.org\/{rel}","templated":true}]}}